{"id":9053,"date":"2017-10-30T22:39:56","date_gmt":"2017-10-30T20:39:56","guid":{"rendered":"https:\/\/gynaikologos-komotini.gr\/hamile\/proeklampsia\/"},"modified":"2023-05-02T12:48:46","modified_gmt":"2023-05-02T10:48:46","slug":"preeklampsi","status":"publish","type":"page","link":"https:\/\/gynaikologos-komotini-old.xo-websites4.gr\/tr\/hamile\/preeklampsi\/","title":{"rendered":"Preeklampsi"},"content":{"rendered":"<div class=\"row \"><div class=\"wpv-grid grid-1-2  wpv-first-level first unextended animation-zoom-in animated-active\" style=\"padding-top:0px;padding-bottom:0px\" id=\"wpv-column-72b3ea02232702a5f80f057a605d0462\" ><h2 style=\"width: 0; height: 0; color: transparent; background-color: transparent; margin: 0; padding: 0;\">\u03a0\u03c1\u03bf\u03b5\u03ba\u03bb\u03b1\u03bc\u03c8\u03af\u03b1<\/h2>\n<h3 style=\"width: 0; height: 0; color: transparent; background-color: transparent; margin: 0; padding: 0;\">\u03a0\u03c1\u03bf\u03b5\u03ba\u03bb\u03b1\u03bc\u03c8\u03af\u03b1<\/h3>\n<p style=\"text-align: center;\"><div class=\"push\" style='height:80px'><\/div>\n<p style=\"text-align: center;\"><img class=\"aligncenter wp-image-8069 size-full\" src=\"\/wp-content\/uploads\/2017\/10\/proeklampsia.jpg\" alt=\"proeklampsia\" width=\"314\" height=\"314\" \/><\/div><\/div>\n<div class=\"row \"><div class=\"wpv-grid grid-1-2  wpv-first-level first unextended\" style=\"padding-top:0px;padding-bottom:0px\" id=\"wpv-column-44aa830d7c67ec3189ed8036c9186908\" ><div class=\"push\" style='height:80px'><\/div>\n<h4><strong>Preeklampsi nedir?<\/strong><\/h4>\n<p>Preeklampsi, genellikle gebeli\u011fin 20. haftas\u0131ndan sonra ortaya \u00e7\u0131kan bir durumdur.<\/p>\n<p>A\u015fa\u011f\u0131dakilerin bir kombinasyonudur:<\/p>\n<p>\u2022 y\u00fcksek kan bas\u0131nc\u0131 (hipertansiyon)<br \/>\n\u2022 idrar\u0131n\u0131zdaki protein (protein\u00fcri)<\/p>\n<p>Preeklampsinin kesin nedeni bilinmemektedir. Genellikle hi\u00e7bir belirti vermez ve rutin do\u011fum \u00f6ncesi randevunuzda kan bas\u0131nc\u0131n\u0131z \u00f6l\u00e7\u00fcld\u00fc\u011f\u00fcnde ve idrar\u0131n\u0131z incelendi\u011finde te\u015fhis edilebilir. Mikrobiyologla olan randevunuzda idrar \u00f6rne\u011fi istenmesinin sebebi budur.<\/div><\/div>\n<div class=\"sep\"><\/div>\n<div class=\"row \"><div class=\"wpv-grid grid-1-2  wpv-first-level first unextended animation-from-left animated-active\" style=\"padding-top:0px;padding-bottom:0px\" id=\"wpv-column-f662bd8efe29964338ced3e0e5cdb39a\" ><div class=\"push\" style='height:80px'><\/div>\n<h4><strong>Preeklampsim olup olmad\u0131\u011f\u0131n\u0131 neden bilmeliyim?<\/strong><\/h4>\n<p>Preeklampsi, hamilelik s\u0131ras\u0131nda 2-8\/100 (%3,5) kad\u0131n\u0131 etkileyen yayg\u0131n bir durumdur. Genellikle hafiftir ve hamilelik \u00fczerinde \u00e7ok az etkisi vard\u0131r. Bununla birlikte, preeklampsiniz olup olmad\u0131\u011f\u0131n\u0131 bilmek \u00f6nemlidir, \u00e7\u00fcnk\u00fc az say\u0131da vakada daha ciddi bir hastal\u0131\u011fa d\u00f6n\u00fc\u015febilir. \u015eiddetli preeklampsi hem anne hem de bebek i\u00e7in hayat\u0131 tehdit edici olabilir. Yakla\u015f\u0131k 200 kad\u0131ndan biri (%0,5) hamilelik s\u0131ras\u0131nda \u015fiddetli preeklampsi geli\u015ftirir. Semptomlar hamilelikte daha ge\u00e7 ortaya \u00e7\u0131kma e\u011filimindedir, ancak ilk kez do\u011fumdan sonra da ortaya \u00e7\u0131kabilir.<\/p>\n<p>\u015eiddetli preeklampsinin belirtileri \u015funlar\u0131 i\u00e7erir:<\/p>\n<p>\u2022 basit a\u011fr\u0131 kesicilerle ge\u00e7meyen \u015fiddetli ba\u015f a\u011fr\u0131s\u0131<br \/>\n\u2022 bulan\u0131k g\u00f6rme gibi g\u00f6rme sorunlar\u0131<br \/>\n\u2022 kaburgalar\u0131n hemen alt\u0131nda \u015fiddetli a\u011fr\u0131<br \/>\n\u2022 antasitlerle ge\u00e7meyen mide ek\u015fimesi<br \/>\n\u2022 y\u00fcz\u00fcn, ellerin veya ayaklar\u0131n \u015fi\u015fmesi<br \/>\n\u2022 kendini pek iyi hissetmeme durumu<\/p>\n<p>Bu belirtiler ciddidir ve derhal t\u0131bbi yard\u0131m almal\u0131s\u0131n\u0131z. \u015e\u00fcpheniz varsa, yerel hastanenizdeki do\u011fum \u00fcnitesiyle ileti\u015fime ge\u00e7in. \u015eiddetli preeklampside bazen karaci\u011fer veya b\u00f6brekler gibi di\u011fer organlar da etkilenebilir ve kan\u0131n p\u0131ht\u0131la\u015fmas\u0131nda sorunlar olabilir. \u015eiddetli preeklampsi bebek do\u011fmadan \u00f6nce veya hemen sonra n\u00f6betlere ve epilepsi krizlerine neden olabilir. Bu epilepsi krizlerine eklamptik n\u00f6betler denir ve 4000 gebelikten sadece birinde g\u00f6r\u00fcl\u00fcr.<\/div>\n<div class=\"wpv-grid grid-1-2  wpv-first-level unextended animation-zoom-in animated-active\" style=\"padding-top:0px;padding-bottom:0px\" id=\"wpv-column-eede3eb75ae461e119596fd698946364\" ><p style=\"text-align: center;\"><div class=\"push\" style='height:80px'><\/div>\n<img class=\"aligncenter wp-image-8070 size-full\" src=\"\/wp-content\/uploads\/2017\/10\/proeklampsia-1.jpg\" alt=\"\u03a0\u03c1\u03bf\u03b5\u03ba\u03bb\u03b1\u03bc\u03c8\u03af\u03b1\" width=\"314\" height=\"314\" \/><\/div><\/div>\n<div class=\"sep\"><\/div>\n<div class=\"row \"><div class=\"wpv-grid grid-1-2  wpv-first-level first unextended animation-zoom-in animated-active\" style=\"padding-top:0px;padding-bottom:0px\" id=\"wpv-column-49dda5e087bd09720bccbada111a4b4a\" ><p style=\"text-align: center;\"><div class=\"push\" style='height:80px'><\/div>\n<img class=\"aligncenter wp-image-8070 size-full\" src=\"\/wp-content\/uploads\/2017\/10\/sixnotita-episkepsewn.jpg\" alt=\"Sixnotita-episkepsewn\" width=\"314\" height=\"314\" \/><\/div>\n<div class=\"wpv-grid grid-1-2  wpv-first-level unextended animation-from-left animated-active\" style=\"padding-top:0px;padding-bottom:0px\" id=\"wpv-column-3b5b9da8cd838e2ef8c37566820e3fa0\" ><div class=\"push\" style='height:80px'><\/div>\n<h4><strong>Preeklampsi bebe\u011fimi nas\u0131l etkileyebilir?<\/strong><\/h4>\n<p>Preeklampsi, fet\u00fcs\u00fcn normal geli\u015fimini engelleyebilen ve geli\u015fim gerili\u011fine yol a\u00e7abilen plasenta geli\u015fimini etkiler. Ayr\u0131ca anne karn\u0131ndaki bebe\u011finizin \u00e7evresinde daha az s\u0131v\u0131 olabilir (oligohidramnios). Plasenta etkilenirse, bebe\u011finiz ciddi \u015fekilde etkilenebilir ve baz\u0131 durumlarda bebek anne karn\u0131nda \u00f6lebilir. \u0130zleme, en b\u00fcy\u00fck risk alt\u0131ndaki bebekler i\u00e7in hamileli\u011fi sonland\u0131rmay\u0131 ama\u00e7lar.<\/div><\/div>\n<div class=\"sep\"><\/div>\n<div class=\"wpv-accordion-wrapper wpv-accordion-1\"><svg width=\"0\" height=\"0\"><style>.wpv-accordion-1 .tab .inner { background-color: #3695EB; color: #ffffff; }<\/style><\/svg><ul class=\"wpv-accordion\" data-collapsible=\"true\"><li class=\"pane-wrapper\" style=\"\">\n\t\t\t\t\t<h4 class=\"tab\"><span class=\"inner\">Kimler preeklampsi riski alt\u0131ndad\u0131r ve nas\u0131l \u00f6nlenebilir?<\/span><\/h4>\n\t\t\t\t\t<div class=\"pane\"><div class=\"inner\"><p>Preeklampsi her hamilelikte olabilir, ancak a\u015fa\u011f\u0131daki durumlarda daha b\u00fcy\u00fck risk alt\u0131ndas\u0131n\u0131z:<br \/>\n\u2022 hamile kalmadan \u00f6nce y\u00fcksek tansiyonunuz varsa<br \/>\n\u2022 \u00f6nceki hamileli\u011finizde y\u00fcksek tansiyonunuz olduysa<br \/>\n\u2022 b\u00f6brek sorunlar\u0131 veya diyabet gibi t\u0131bbi bir sorununuz veya sistemik lupus eritematozus gibi ba\u011f\u0131\u015f\u0131kl\u0131k sistemini etkileyen bir durumunuz varsa.<\/p>\n<p>Yukar\u0131dakilerden herhangi birine sahipseniz, riski azaltmak i\u00e7in hamileli\u011fin 12. haftas\u0131ndan itibaren g\u00fcnde bir kez d\u00fc\u015f\u00fck doz aspirin (150 mg) alman\u0131z gerekebilir veya daha da iyisi, kromozom anomalileri i\u00e7in ilk trimester ultrason taraman\u0131z s\u0131ras\u0131nda preeklampsi taramas\u0131 yapt\u0131rman\u0131z gerekebilir.<\/p>\n<p>Di\u011fer fakt\u00f6rlerin \u00f6nemi daha az nettir, ancak a\u015fa\u011f\u0131dakilerden birden fazlas\u0131 meydana gelirse preeklampsi geli\u015ftirme olas\u0131l\u0131\u011f\u0131 daha y\u00fcksektir:<\/p>\n<p>\u2022 bu sizin ilk hamileli\u011finizse<br \/>\n\u2022 40 ya\u015f\u0131nda veya daha b\u00fcy\u00fckseniz<br \/>\n\u2022 son hamileli\u011finizden bu yana ge\u00e7en s\u00fcre 10 y\u0131ldan fazlaysa<br \/>\n\u2022 \u00e7ok kiloluysaniz \u2013 BMI&#8217;niz (v\u00fccut kitle indeksi) 35&#8217;in \u00fczerindeyse<br \/>\n\u2022 anneniz veya k\u0131z karde\u015finiz hamilelik s\u0131ras\u0131nda preeklampsi ge\u00e7irmi\u015fse<br \/>\n\u2022 \u00e7o\u011ful gebelik<\/p>\n<p>Bu risk fakt\u00f6rlerinden birden fazlas\u0131na sahipseniz, hamileli\u011fin 12. haftas\u0131ndan itibaren g\u00fcnde bir kez d\u00fc\u015f\u00fck doz aspirin de alabilirsiniz.<\/div><\/div>\n\t\t\t\t\t<\/li><li class=\"pane-wrapper\" style=\"\">\n\t\t\t\t\t<h4 class=\"tab\"><span class=\"inner\">Preeklampsi nas\u0131l izlenir?<\/span><\/h4>\n\t\t\t\t\t<div class=\"pane\"><div class=\"inner\"><p>Preeklampsi te\u015fhisi konulursa, daha yak\u0131ndan izlenmelisiniz.<br \/>\nHastanede kald\u0131\u011f\u0131n\u0131z s\u00fcre boyunca, kan bas\u0131nc\u0131n\u0131z\u0131n d\u00fczenli olarak kontrol edilmesi gerekecektir ve tansiyonunuzu d\u00fc\u015f\u00fcrmeye yard\u0131mc\u0131 olmas\u0131 i\u00e7in size ila\u00e7 verilebilir. \u0130drar\u0131n\u0131z\u0131n i\u00e7erdi\u011fi protein miktar\u0131 \u00f6l\u00e7\u00fclecek ve ayr\u0131ca kan testleri yapman\u0131z gerekecektir. Bebe\u011finizin kalp at\u0131\u015f h\u0131z\u0131n\u0131n izlenmesi gerekecek ve fet\u00fcs\u00fcn geli\u015fimini kontrol etmek i\u00e7in ard\u0131\u015f\u0131k ultrasonlara ihtiyac\u0131n\u0131z olacak.<\/p>\n<p><img class=\"size-full wp-image-8071 aligncenter\" src=\"\/wp-content\/uploads\/2017\/10\/proeklampsia-2.jpg\" alt=\"\u03a0\u03c1\u03bf\u03b5\u03ba\u03bb\u03b1\u03c8\u03af\u03b1\" width=\"314\" height=\"314\" \/><\/div><\/div>\n\t\t\t\t\t<\/li><li class=\"pane-wrapper\" style=\"\">\n\t\t\t\t\t<h4 class=\"tab\"><span class=\"inner\">Sonra ne olur?<\/span><\/h4>\n\t\t\t\t\t<div class=\"pane\"><div class=\"inner\"><p>Hamileli\u011finize g\u00fcvenle devam edebilmeniz i\u00e7in yak\u0131ndan izlenmeye devam edeceksiniz. Bu, hafif preeklampsiniz varsa doktorunuzun ofisinde veya ayakta tedavi klini\u011finde yap\u0131labilir. Bebe\u011finiz anne karn\u0131nda risk alt\u0131ndaysa hamileli\u011finiz erken sonland\u0131r\u0131labilir, e\u011fer k\u00fc\u00e7\u00fckse sezaryen olmak zorunda kalabilirsiniz.<\/div><\/div>\n\t\t\t\t\t<\/li><li class=\"pane-wrapper\" style=\"\">\n\t\t\t\t\t<h4 class=\"tab\"><span class=\"inner\">\u015eiddetli preeklampsi geli\u015ftirirseniz ne olur?<\/span><\/h4>\n\t\t\t\t\t<div class=\"pane\"><div class=\"inner\"><p>\u015eiddetli preeklampsi geli\u015ftirirseniz, bir doktor ekibi taraf\u0131ndan tedavi edilmeniz gerekir ve daha ciddi komplikasyonlardan ka\u00e7\u0131nmak i\u00e7in hamileli\u011finizin sonlanmas\u0131 ve bebe\u011finizin do\u011fmas\u0131 gerekebilir. Her hamilelik benzersizdir ve kesin zamanlama sizin \u00f6zel durumunuza ba\u011fl\u0131 olacakt\u0131r. Bunun sizinle tart\u0131\u015f\u0131lmas\u0131 gerekmektedir.<br \/>\nDo\u011fumun tamamlanmas\u0131 i\u00e7in bolca zaman olabilir. Baz\u0131 durumlarda, do\u011fumun sezaryen ile yap\u0131lmas\u0131 gerekecektir. Tedavi, kan bas\u0131nc\u0131n\u0131z\u0131 d\u00fc\u015f\u00fcrmek ve kontrol etmek i\u00e7in ila\u00e7lar\u0131 (tabletler veya serum damlas\u0131 yoluyla) i\u00e7erir. Eklampsi n\u00f6betlerini \u00f6nlemek i\u00e7in de ila\u00e7 verilecektir ve y\u00fcksek bak\u0131m \u00fcnitesine veya yo\u011fun bak\u0131m \u00fcnitesine yat\u0131\u015f gerekli olabilir.<\/div><\/div>\n\t\t\t\t\t<\/li><li class=\"pane-wrapper\" style=\"\">\n\t\t\t\t\t<h4 class=\"tab\"><span class=\"inner\">Do\u011fumdan sonra ne olur?<\/span><\/h4>\n\t\t\t\t\t<div class=\"pane\"><div class=\"inner\"><p>\u015eiddetli preeklampsiniz varsa, do\u011fumdan sonraki ilk birka\u00e7 g\u00fcn i\u00e7inde komplikasyonlar meydana gelmeye devam edebilir ve bu nedenle yak\u0131ndan izlenmeniz gerekir. Tansiyonunuzu d\u00fc\u015f\u00fcrmek i\u00e7in ila\u00e7 almaya devam etmeniz gerekebilir. Bebe\u011finiz erken do\u011fduysa veya beklenenden daha k\u00fc\u00e7\u00fckse, bir yenido\u011fan \u00fcnitesinde izlenmesi gerekebilir. Uzun s\u00fcre hastanede kalman\u0131z gerekebilir. Eve gitti\u011finizde, tansiyonunuzu ne s\u0131kl\u0131kta \u00f6l\u00e7meniz ve ila\u00e7lar\u0131n\u0131z\u0131 ne kadar s\u00fcre alman\u0131z gerekti\u011fi hakk\u0131nda bilgilendirilirsiniz. Daha sonra do\u011fumdan 6-8 hafta sonra nihai kan bas\u0131nc\u0131 de\u011ferlendirmesi ve idrar testi i\u00e7in aile doktorunuzla g\u00f6r\u00fc\u015fmelisiniz. \u015eiddetli preeklampsi veya eklampsi ge\u00e7irdiyseniz, durumu ve ne oldu\u011funu tart\u0131\u015fmak i\u00e7in do\u011fum uzman\u0131n\u0131zla bir randevu ayarlamal\u0131s\u0131n\u0131z. Do\u011fumdan 6 hafta sonra kan bas\u0131nc\u0131n\u0131z\u0131 d\u00fc\u015f\u00fcrmek i\u00e7in hala ila\u00e7 tedavisi alt\u0131ndaysan\u0131z veya idrar\u0131n\u0131zda hala protein varsa, bir nefrolo\u011fa y\u00f6nlendirilebilirsiniz.<\/div><\/div>\n\t\t\t\t\t<\/li><li class=\"pane-wrapper\" style=\"\">\n\t\t\t\t\t<h4 class=\"tab\"><span class=\"inner\">Gelecekteki bir hamilelikte preeklampsi geli\u015ftirir miyim?<\/span><\/h4>\n\t\t\t\t\t<div class=\"pane\"><div class=\"inner\"><p>Genel olarak, preeklampsi ge\u00e7iren alt\u0131 kad\u0131ndan biri, gelecekteki bir hamilelikte onu tekrar geli\u015ftirecektir.<br \/>\n\u015eiddetli preeklampsi\/eklampsi ge\u00e7iren kad\u0131nlarda:<br \/>\n\u2022 Bebekleri 28. gebelik haftas\u0131ndan \u00f6nce do\u011fmu\u015f olan, iki kad\u0131ndan biri gelecekteki gebelikli\u011finde preeklampsi geli\u015ftirecektir.<br \/>\n\u2022 Bebekleri 34. gebelik haftas\u0131ndan \u00f6nce do\u011fmu\u015f olan, her d\u00f6rt kad\u0131ndan biri gelecekteki gebelikli\u011finde preeklampsi geli\u015ftirecektir.<\/div><\/div>\n\t\t\t\t\t<\/li><\/ul><\/div>\n","protected":false},"excerpt":{"rendered":"<p>\u03a0\u03c1\u03bf\u03b5\u03ba\u03bb\u03b1\u03bc\u03c8\u03af\u03b1 \u03a0\u03c1\u03bf\u03b5\u03ba\u03bb\u03b1\u03bc\u03c8\u03af\u03b1 Preeklampsi nedir? Preeklampsi, genellikle gebeli\u011fin 20. haftas\u0131ndan sonra ortaya \u00e7\u0131kan bir durumdur. A\u015fa\u011f\u0131dakilerin bir kombinasyonudur: \u2022 y\u00fcksek kan bas\u0131nc\u0131 (hipertansiyon) \u2022 idrar\u0131n\u0131zdaki protein (protein\u00fcri) Preeklampsinin kesin nedeni bilinmemektedir. Genellikle hi\u00e7bir belirti vermez ve rutin do\u011fum \u00f6ncesi randevunuzda kan bas\u0131nc\u0131n\u0131z \u00f6l\u00e7\u00fcld\u00fc\u011f\u00fcnde ve idrar\u0131n\u0131z incelendi\u011finde te\u015fhis edilebilir. Mikrobiyologla olan randevunuzda idrar \u00f6rne\u011fi istenmesinin sebebi budur&#8230;.<\/p>\n","protected":false},"author":5,"featured_media":0,"parent":9039,"menu_order":7,"comment_status":"closed","ping_status":"closed","template":"","meta":[],"_links":{"self":[{"href":"https:\/\/gynaikologos-komotini-old.xo-websites4.gr\/tr\/wp-json\/wp\/v2\/pages\/9053"}],"collection":[{"href":"https:\/\/gynaikologos-komotini-old.xo-websites4.gr\/tr\/wp-json\/wp\/v2\/pages"}],"about":[{"href":"https:\/\/gynaikologos-komotini-old.xo-websites4.gr\/tr\/wp-json\/wp\/v2\/types\/page"}],"author":[{"embeddable":true,"href":"https:\/\/gynaikologos-komotini-old.xo-websites4.gr\/tr\/wp-json\/wp\/v2\/users\/5"}],"replies":[{"embeddable":true,"href":"https:\/\/gynaikologos-komotini-old.xo-websites4.gr\/tr\/wp-json\/wp\/v2\/comments?post=9053"}],"version-history":[{"count":0,"href":"https:\/\/gynaikologos-komotini-old.xo-websites4.gr\/tr\/wp-json\/wp\/v2\/pages\/9053\/revisions"}],"up":[{"embeddable":true,"href":"https:\/\/gynaikologos-komotini-old.xo-websites4.gr\/tr\/wp-json\/wp\/v2\/pages\/9039"}],"wp:attachment":[{"href":"https:\/\/gynaikologos-komotini-old.xo-websites4.gr\/tr\/wp-json\/wp\/v2\/media?parent=9053"}],"curies":[{"name":"wp","href":"https:\/\/api.w.org\/{rel}","templated":true}]}}