{"id":9057,"date":"2017-10-30T22:58:49","date_gmt":"2017-10-30T20:58:49","guid":{"rendered":"https:\/\/gynaikologos-komotini.gr\/hamile\/prooros-toketos\/"},"modified":"2023-05-02T13:05:11","modified_gmt":"2023-05-02T11:05:11","slug":"erken-dogum","status":"publish","type":"page","link":"https:\/\/gynaikologos-komotini-old.xo-websites4.gr\/tr\/hamile\/erken-dogum\/","title":{"rendered":"Erken Do\u011fum"},"content":{"rendered":"<div class=\"row \"><div class=\"wpv-grid grid-1-2  wpv-first-level first unextended animation-zoom-in animated-active\" style=\"padding-top:0px;padding-bottom:0px\" id=\"wpv-column-cba4b4bfa6c937e0159cc22c2c0ab1e8\" ><h2 style=\"width: 0; height: 0; color: transparent; background-color: transparent; margin: 0; padding: 0;\">\u03a0\u03c1\u03cc\u03c9\u03c1\u03bf\u03c2 \u03c4\u03bf\u03ba\u03b5\u03c4\u03cc\u03c2<\/h2>\n<h3 style=\"width: 0; height: 0; color: transparent; background-color: transparent; margin: 0; padding: 0;\">\u03a0\u03c1\u03cc\u03c9\u03c1\u03bf\u03c2 \u03c4\u03bf\u03ba\u03b5\u03c4\u03cc\u03c2<\/h3>\n<p style=\"text-align: center;\"><div class=\"push\" style='height:80px'><\/div>\n<p style=\"text-align: center;\"><img class=\"aligncenter wp-image-8069 size-full\" src=\"\/wp-content\/uploads\/2017\/10\/egkios.jpg\" alt=\"Prooros toketos\" width=\"314\" height=\"314\" \/><\/div><\/div>\n<p>&nbsp;<\/p>\n<div class=\"row \"><div class=\"wpv-grid grid-1-2  wpv-first-level first unextended\" style=\"padding-top:0px;padding-bottom:0px\" id=\"wpv-column-937f7c8500e938c4623f71d45812e902\" ><div class=\"push\" style='height:80px'><\/div>\n<h4><strong>Erken do\u011fum nedir?<\/strong><\/h4>\n<p>Do\u011fum, d\u00fczenli kas\u0131lmalar serviksin a\u00e7\u0131lmas\u0131na (dilatasyon) yol a\u00e7t\u0131\u011f\u0131nda ba\u015flar. Bu normalde hamileli\u011fin 37. ve 42. haftalar\u0131 aras\u0131nda olur. 37 haftadan \u00f6nce olursa erken do\u011fum olarak bilinir. S\u0131kl\u0131\u011f\u0131: 100 bebekte 8dir. \u00c7ok erken do\u011fum, hamileli\u011fin 22-28 haftalar\u0131 aras\u0131nda meydana gelen ve 100 bebekten 1&#8217;ini etkileyen do\u011fumdur. Premat\u00fcre do\u011fan bebeklerin yakla\u015f\u0131k d\u00f6rtte biri anne ve\/veya bebe\u011fin sa\u011fl\u0131\u011f\u0131 ile ilgili endi\u015feler oldu\u011fu i\u00e7in onlara bakan ekip taraf\u0131ndan (iyatrojenik) erken do\u011furtulmaktad\u0131r. Bu, do\u011fum ind\u00fcksiyonu veya sezaryen ile yap\u0131l\u0131r. Bununla birlikte, \u00e7o\u011fu bebek erken do\u011far \u00e7\u00fcnk\u00fc do\u011fum do\u011fal olarak olmas\u0131 gerekenden daha erken ba\u015flar.<\/div><\/div>\n<div class=\"sep\"><\/div>\n<div class=\"row \"><div class=\"wpv-grid grid-1-2  wpv-first-level first unextended animation-from-left animated-active\" style=\"padding-top:0px;padding-bottom:0px\" id=\"wpv-column-b533971b9851f408c5e091814a0fc995\" ><div class=\"push\" style='height:80px'><\/div>\n<h4><strong>Bebe\u011fimin erken do\u011fumu ne anlama gelebilir?<\/strong><\/h4>\n<p>Erken do\u011fan bir bebe\u011fe sahip olmak ebeveynler i\u00e7in endi\u015fe verici ve ac\u0131 verici olabilir. Doktorunuz ve\/veya ebeniz sizinle bu konuda konu\u015fabilecek ve yararl\u0131 bulabilece\u011finiz bilgileri size verebilecek konumdad\u0131r. Premat\u00fcre bebeklerin \u00f6zellikle solunum, beslenme ve enfeksiyonlarla ilgili sa\u011fl\u0131k sorunlar\u0131 riski artar. Bir bebek ne kadar erken do\u011farsa, bu sorunlar\u0131 ya\u015fama olas\u0131l\u0131\u011f\u0131 o kadar artar ve do\u011fumdan sonra bir yenido\u011fan \u00fcnitesinde hastaneye yat\u0131r\u0131lmas\u0131 gerekir. Bununla birlikte, 28 haftadan sonra premat\u00fcre do\u011fan on bebekten sekizinden fazlas\u0131 hayatta kal\u0131r ve yaln\u0131zca k\u00fc\u00e7\u00fck bir k\u0131sm\u0131 ciddi uzun vadeli sakatl\u0131klara sahip olur. Hamileli\u011fin 24. haftas\u0131ndan \u00f6nce do\u011fum yaparsan\u0131z, ne yaz\u0131k ki bebe\u011finizin hayatta kalma olas\u0131l\u0131\u011f\u0131 \u00e7ok daha d\u00fc\u015f\u00fckt\u00fcr. B\u00f6yle bir erken do\u011fumdan sa\u011f kurtulan bebeklerin \u00e7o\u011fu zaman ciddi sa\u011fl\u0131k sorunlar\u0131 olur.<\/p>\n<p>Erken do\u011fum yapm\u0131\u015f kad\u0131nlar bebekleri ile m\u00fcmk\u00fcn oldu\u011funca fazla zaman ge\u00e7irmeleri i\u00e7in desteklenmelidirler. Anne s\u00fct\u00fc premat\u00fcre bebekler i\u00e7in \u00e7ok \u00f6nemlidir: doktorlar ve hem\u015fireler sizinle bu konuda konu\u015facak ve ihtiyac\u0131n\u0131z olan deste\u011fi verecektir.<\/div>\n<div class=\"wpv-grid grid-1-2  wpv-first-level unextended animation-zoom-in animated-active\" style=\"padding-top:0px;padding-bottom:0px\" id=\"wpv-column-e5fcfb4ecab0f119f838be5fec4817e2\" ><p style=\"text-align: center;\"><div class=\"push\" style='height:80px'><\/div>\n<img class=\"aligncenter wp-image-8070 size-full\" src=\"\/wp-content\/uploads\/2017\/10\/prooros-toketos.jpg\" alt=\"\u03a0\u03c1\u03cc\u03c9\u03c1\u03bf\u03c2 \u03c4\u03bf\u03ba\u03b5\u03c4\u03cc\u03c2\" width=\"314\" height=\"314\" \/><\/div><\/div>\n<div class=\"sep\"><\/div>\n<div class=\"row \"><div class=\"wpv-grid grid-1-2  wpv-first-level first unextended animation-zoom-in animated-active\" style=\"padding-top:0px;padding-bottom:0px\" id=\"wpv-column-af2e076476b119801191decdc4a0f345\" ><p style=\"text-align: center;\"><div class=\"push\" style='height:80px'><\/div>\n<img class=\"aligncenter wp-image-8070 size-full\" src=\"\/wp-content\/uploads\/2017\/10\/prooros-toketos-1.jpg\" alt=\"\u03a0\u03c1\u03cc\u03c9\u03c1\u03bf\u03c2 \u03c4\u03bf\u03ba\u03b5\u03c4\u03cc\u03c2\" width=\"314\" height=\"314\" \/><\/div>\n<div class=\"wpv-grid grid-1-2  wpv-first-level unextended animation-from-left animated-active\" style=\"padding-top:0px;padding-bottom:0px\" id=\"wpv-column-c531d871e5f7f696cd1518f3ae14561e\" ><div class=\"push\" style='height:80px'><\/div>\n<h4><strong>Erken do\u011fuma yol a\u00e7an nedir?<\/strong><\/h4>\n<p>\u00c7o\u011fu kad\u0131n i\u00e7in erken do\u011fumun nedeni bulunamaz. Bir dizi fakt\u00f6r\u00fcn rahim a\u011fz\u0131nda bir de\u011fi\u015fikli\u011fe yol a\u00e7abilece\u011fine ve do\u011fumun ba\u015flamas\u0131na neden olabilece\u011fine inan\u0131lmaktad\u0131r. Bununla birlikte, riski artt\u0131ran baz\u0131 fakt\u00f6rler vard\u0131r. Bunlar \u015funlar\u0131 i\u00e7erir:<\/p>\n<p>\u2022 suyunuz erken gelmi\u015fse<br \/>\n\u2022 \u00f6nceki hamilelikte erken do\u011fum yapt\u0131ysan\u0131z veya suyunuz 37. haftadan \u00f6nce geldiyse<br \/>\n\u2022 daha \u00f6nce ge\u00e7 d\u00fc\u015f\u00fck yapt\u0131ysan\u0131z (gebeli\u011fin 14. haftas\u0131ndan sonra)<br \/>\n\u2022 bu hamilelikte 14. haftadan sonra vajinal kanaman\u0131z olduysa<br \/>\n\u2022 rahminizin \u015feklinde bir anormallik varsa<br \/>\n\u2022 ikizleriniz veya \u00fc\u00e7\u00fczleriniz varsa<br \/>\n\u2022 bebe\u011finizin \u00e7evresinde a\u015f\u0131r\u0131 s\u0131v\u0131 varsa (polihidramnios) k\u0131sa bir serviksiniz varsa<br \/>\n\u2022 sigara i\u00e7iyorsan\u0131z<br \/>\n\u2022 do\u011furganl\u0131k sorunlar\u0131n\u0131z olduysa<\/div><\/div>\n<div class=\"sep\"><\/div>\n<div class=\"wpv-accordion-wrapper wpv-accordion-1\"><svg width=\"0\" height=\"0\"><style>.wpv-accordion-1 .tab .inner { background-color: #3695EB; color: #ffffff; }<\/style><\/svg><ul class=\"wpv-accordion\" data-collapsible=\"true\"><li class=\"pane-wrapper\" style=\"\">\n\t\t\t\t\t<h4 class=\"tab\"><span class=\"inner\">Spontan erken do\u011fum riski 34. gebelik haftas\u0131ndan \u00f6nce de\u011ferlendirilebilir mi?<\/span><\/h4>\n\t\t\t\t\t<div class=\"pane\"><div class=\"inner\"><p>Spontan erken do\u011fum riski anne ya\u015f\u0131 ile artar ve anne boyu ile azal\u0131r, G\u00fcney Asya ve Afrika&#8217;da ya\u015fayan, sigara i\u00e7en ve ila\u00e7la gebe kalan kad\u0131nlarda artar. Yukar\u0131da bahsedildi\u011fi gibi, spontan erken do\u011fum \u00f6yk\u00fcs\u00fc olan kad\u0131nlarda risk artarken, daha \u00f6nce term gebelik ge\u00e7irmi\u015f olanlarda azalmaktad\u0131r. Ki\u015fisel riskinizi hesaplamak i\u00e7in <a href=\"https:\/\/courses.fetalmedicine.com\/calculator\/preterm?locale=en\">buraya t\u0131klay\u0131n<\/a>.<\/div><\/div>\n\t\t\t\t\t<\/li><li class=\"pane-wrapper\" style=\"\">\n\t\t\t\t\t<h4 class=\"tab\"><span class=\"inner\">Do\u011fumumun erken ba\u015flad\u0131\u011f\u0131n\u0131 farkedersem ne olur?<\/span><\/h4>\n\t\t\t\t\t<div class=\"pane\"><div class=\"inner\"><p>D\u00fczenli, a\u011fr\u0131l\u0131 kas\u0131lmalar\u0131n\u0131z varsa veya suyunuzun geldi\u011fini d\u00fc\u015f\u00fcn\u00fcyorsan\u0131z, hemen kad\u0131n do\u011fum uzman\u0131n\u0131zla ileti\u015fime ge\u00e7meniz \u00f6nemlidir. Doktor muayenehanesine veya do\u011fum servisine gelmeniz istenebilir. Doktorunuz veya ebeniz \u00f6nceki gebeliklerinizde erken do\u011fum yap\u0131p yapmad\u0131\u011f\u0131n\u0131z\u0131 soracakt\u0131r. Ayr\u0131ca genel sa\u011fl\u0131\u011f\u0131n\u0131z, herhangi bir kar\u0131n a\u011fr\u0131s\u0131, kramp veya kanama ge\u00e7irip ge\u00e7irmedi\u011finiz ve suyunuzun gelip gelmedi\u011fi sorulacakt\u0131r.<\/p>\n<p>A\u015fa\u011f\u0131dakileri i\u00e7erebilecek bir check-up yapt\u0131racaks\u0131n\u0131z:<\/p>\n<p>\u2022 ate\u015f, nab\u0131z ve kan bas\u0131nc\u0131n\u0131n genel muayenesi ve kontrol\u00fc<br \/>\n\u2022 kar\u0131n muayenesi<br \/>\n\u2022 bebe\u011finizin kalp at\u0131\u015f h\u0131z\u0131n\u0131 kontrol etme<br \/>\n\u2022 enfeksiyon belirtilerini kontrol etmek i\u00e7in kan al\u0131nmas\u0131<br \/>\n\u2022 test i\u00e7in idrar \u00f6rne\u011fi<\/p>\n<p>Ayr\u0131ca bebe\u011finizin rahimdeki b\u00fcy\u00fcmesini ve konumunu kontrol etmek i\u00e7in bir ultrason muayenesine tabi tutulabilirsiniz.<\/p>\n<p>Do\u011fumun ba\u015flang\u0131c\u0131 vajinal muayene ile te\u015fhis edilir: Doktorunuz veya ebeniz, rahim a\u011fz\u0131n\u0131n do\u011fumun ba\u015flang\u0131c\u0131na haz\u0131rlan\u0131rken de\u011fi\u015fip de\u011fi\u015fmedi\u011fini veya halihaz\u0131rda a\u00e7\u0131lm\u0131\u015f olup olmad\u0131\u011f\u0131n\u0131 g\u00f6rmek i\u00e7in bir kolposkop (vajina duvarlar\u0131n\u0131 ay\u0131rmak i\u00e7in kullan\u0131lan bir alet) kullanacakt\u0131r.<\/p>\n<p>Ayr\u0131ca, doktorunuz veya ebeniz s\u0131v\u0131 s\u0131z\u0131nt\u0131s\u0131 olup olmad\u0131\u011f\u0131n\u0131 kontrol ederek, suyunuzun geldi\u011fini anlayabilir. Bazen 37 haftadan \u00f6nce su gelir ama do\u011fum ba\u015flamaz.<\/p>\n<p>Enflamasyonu kontrol etmek i\u00e7in vajinal bir \u00f6rnek al\u0131nabilir.<\/p>\n<p>Ayr\u0131ca, m\u00fcmk\u00fcnse, 24 ila 34 haftal\u0131k hamileyseniz, fetal fibronektini kontrol etmek i\u00e7in vajinan\u0131n tepesinden bir \u00f6rnek al\u0131nabilir. Bu test, yak\u0131nda do\u011fum eylemine girip girmeyece\u011finizi g\u00f6rmenize yard\u0131mc\u0131 olur:<br \/>\nErken do\u011fum yapt\u0131\u011f\u0131ndan \u015f\u00fcphelenilen \u00e7o\u011fu kad\u0131n\u0131n fibronektini negatiftir. Bu rahatlat\u0131c\u0131d\u0131r \u00e7\u00fcnk\u00fc testi negatif olan her 100 kad\u0131ndan 1&#8217;inden az\u0131<\/p>\n<p>\u00f6n\u00fcm\u00fczdeki 2 hafta i\u00e7inde do\u011fuma girecek.<\/p>\n<p>Pozitif bir test ise, 10 g\u00fcn i\u00e7inde be\u015f kad\u0131ndan birinin do\u011furma \u015fans\u0131n\u0131n artt\u0131\u011f\u0131 anlam\u0131na gelir.<\/div><\/div>\n\t\t\t\t\t<\/li><li class=\"pane-wrapper\" style=\"\">\n\t\t\t\t\t<h4 class=\"tab\"><span class=\"inner\">Ya erken do\u011fum yapm\u0131yorsam ne olacak?<\/span><\/h4>\n\t\t\t\t\t<div class=\"pane\"><div class=\"inner\"><p>Do\u011fumun ba\u015flad\u0131\u011f\u0131 do\u011frulanmad\u0131ysa veya fibronektin testiniz negatifse ve iyiyseniz, siz ve bebe\u011finiz i\u00e7in hi\u00e7bir endi\u015fe olmad\u0131\u011f\u0131 i\u00e7in eve gidebilirsiniz.<\/div><\/div>\n\t\t\t\t\t<\/li><li class=\"pane-wrapper\" style=\"\">\n\t\t\t\t\t<h4 class=\"tab\"><span class=\"inner\">Ya erken do\u011fum yap\u0131yorsam ne olacak?<\/span><\/h4>\n\t\t\t\t\t<div class=\"pane\"><div class=\"inner\"><p>Do\u011fumun ba\u015flad\u0131\u011f\u0131ndan \u015f\u00fcpheleniliyorsa, hastaneye yat\u0131r\u0131lman\u0131z gerekir. Bebe\u011finizin b\u00fcy\u00fcmesine yard\u0131mc\u0131 olmak ve erken do\u011fmas\u0131 durumunda ortaya \u00e7\u0131kabilecek sorunlar\u0131 azaltmak i\u00e7in genellikle 24-48 saatlik bir s\u00fcre i\u00e7inde iki ila d\u00f6rt kortikosteroid enjeksiyonuna ihtiyac\u0131n\u0131z olabilir (e\u011fer bu hamilelikte zaten steroid almad\u0131ysan\u0131z).<\/p>\n<ul>\n<li>enfeksiyon riskini azaltmak i\u00e7in suyunuzun geldi\u011fi tespit edilirse antibiyotikler<\/li>\n<li>suyunuz gelmemi\u015fse ve siz veya bebe\u011finiz i\u00e7in bir endi\u015fe yoksa do\u011fumu durdurmak i\u00e7in ila\u00e7lar (tablet veya damla). Bu, yaln\u0131zca a\u015fa\u011f\u0131daki durumlarda \u00f6nerilir:\n<ul>\n<li>kortikosteroid dozlar\u0131n\u0131 al\u0131rken<\/li>\n<li>Biraz uzakta olabilecek yenido\u011fan yo\u011fun bak\u0131m \u00fcnitesinin bulundu\u011fu bir hastaneye nakledilmeniz gerekiyorsa. Bu, \u00f6zellikle hamileli\u011finiz 32 haftadan daha k\u0131saysa ge\u00e7erlidir.<\/li>\n<\/ul>\n<\/li>\n<\/ul>\n<p>Bu ila\u00e7lar genellikle ikizleri veya \u00fc\u00e7\u00fczleri olan kad\u0131nlara \u00f6nerilmez \u00e7\u00fcnk\u00fc bu durumlarda yard\u0131mc\u0131 olduklar\u0131 net de\u011fildir.<\/p>\n<ul>\n<li>\u0130ntraven\u00f6z serum yoluyla magnezyum s\u00fclfat tedavisi. Bu, hamileli\u011finizin 30 haftadan daha k\u0131sa olmas\u0131 ve \u00f6n\u00fcm\u00fczdeki 24 saat i\u00e7inde do\u011fum yapman\u0131z\u0131n beklenmesi durumunda uygulanabilir. Bu tedavi, \u00f6zellikle serebral palsi olmak \u00fczere bebe\u011finiz i\u00e7in komplikasyon olas\u0131l\u0131\u011f\u0131n\u0131 azalt\u0131r. Ate\u015f basmalar\u0131 ve mide bulant\u0131s\u0131 gibi k\u00fc\u00e7\u00fck yan etkiler ya\u015fayabilirsiniz.<\/li>\n<\/ul><\/div><\/div>\n\t\t\t\t\t<\/li><li class=\"pane-wrapper\" style=\"\">\n\t\t\t\t\t<h4 class=\"tab\"><span class=\"inner\">Erken do\u011fum \u00f6nlenebilir mi?<\/span><\/h4>\n\t\t\t\t\t<div class=\"pane\"><div class=\"inner\"><p>Baz\u0131 durumlarda, \u00f6zellikle erken do\u011fum yapt\u0131ysan\u0131z veya ge\u00e7mi\u015fte ikinci \u00fc\u00e7 ayl\u0131k d\u00f6nemde d\u00fc\u015f\u00fck yapt\u0131ysan\u0131z, serviksinizin uzunlu\u011funu \u00f6l\u00e7mek i\u00e7in tekrarlanan ultrasonlara ihtiyac\u0131n\u0131z olabilir.<br \/>\nE\u011fer k\u0131saysa, ileride a\u00e7\u0131lmas\u0131n\u0131 \u00f6nlemek i\u00e7in rahim a\u011fz\u0131n\u0131 dikmek gerekir (ba\u011f). Progesteron ilac\u0131n\u0131n da \u00e7ok faydal\u0131 oldu\u011fu kan\u0131tlanm\u0131\u015ft\u0131r.<\/p>\n<p><img class=\"aligncenter size-full wp-image-8091\" src=\"https:\/\/gynaikologos-komotini-old.xo-websites4.gr\/wp-content\/uploads\/2017\/10\/prooros-toketos-3.jpg\" alt=\"prooros-toketos-3\" width=\"258\" height=\"196\" \/><\/div><\/div>\n\t\t\t\t\t<\/li><li class=\"pane-wrapper\" style=\"\">\n\t\t\t\t\t<h4 class=\"tab\"><span class=\"inner\">Gelecekteki bir hamilelik ne olacak?<\/span><\/h4>\n\t\t\t\t\t<div class=\"pane\"><div class=\"inner\"><p>Bebe\u011finizi erken do\u011furmu\u015f olman\u0131z, gelecekteki bir hamilelikte erken do\u011fum yapma riskinizin y\u00fcksek oldu\u011fu anlam\u0131na gelir. Bununla birlikte, bir dahaki sefere 37 haftadan sonra bebek do\u011furmak hala m\u00fcmk\u00fcnd\u00fcr. Bu, e\u011fer te\u015fhis edilmi\u015fse, nedeni ele almak i\u00e7in doktorunuza dan\u0131\u015fman\u0131z gerekir.<\/p>\n<p><img class=\"alignnone size-full wp-image-8092\" src=\"https:\/\/gynaikologos-komotini-old.xo-websites4.gr\/wp-content\/uploads\/2017\/10\/prooros-toketos-4.jpg\" alt=\"prooros-toketos-4\" width=\"355\" height=\"266\" srcset=\"https:\/\/gynaikologos-komotini-old.xo-websites4.gr\/wp-content\/uploads\/2017\/10\/prooros-toketos-4.jpg 355w, https:\/\/gynaikologos-komotini-old.xo-websites4.gr\/wp-content\/uploads\/2017\/10\/prooros-toketos-4-300x225.jpg 300w, https:\/\/gynaikologos-komotini-old.xo-websites4.gr\/wp-content\/uploads\/2017\/10\/prooros-toketos-4-262x196.jpg 262w\" sizes=\"(max-width: 355px) 100vw, 355px\" \/><\/div><\/div>\n\t\t\t\t\t<\/li><\/ul><\/div>\n","protected":false},"excerpt":{"rendered":"<p>\u03a0\u03c1\u03cc\u03c9\u03c1\u03bf\u03c2 \u03c4\u03bf\u03ba\u03b5\u03c4\u03cc\u03c2 \u03a0\u03c1\u03cc\u03c9\u03c1\u03bf\u03c2 \u03c4\u03bf\u03ba\u03b5\u03c4\u03cc\u03c2 &nbsp; Erken do\u011fum nedir? Do\u011fum, d\u00fczenli kas\u0131lmalar serviksin a\u00e7\u0131lmas\u0131na (dilatasyon) yol a\u00e7t\u0131\u011f\u0131nda ba\u015flar. Bu normalde hamileli\u011fin 37. ve 42. haftalar\u0131 aras\u0131nda olur. 37 haftadan \u00f6nce olursa erken do\u011fum olarak bilinir. S\u0131kl\u0131\u011f\u0131: 100 bebekte 8dir. \u00c7ok erken do\u011fum, hamileli\u011fin 22-28 haftalar\u0131 aras\u0131nda meydana gelen ve 100 bebekten 1&#8217;ini etkileyen do\u011fumdur. Premat\u00fcre do\u011fan&#8230;<\/p>\n","protected":false},"author":5,"featured_media":0,"parent":9039,"menu_order":7,"comment_status":"closed","ping_status":"closed","template":"","meta":[],"_links":{"self":[{"href":"https:\/\/gynaikologos-komotini-old.xo-websites4.gr\/tr\/wp-json\/wp\/v2\/pages\/9057"}],"collection":[{"href":"https:\/\/gynaikologos-komotini-old.xo-websites4.gr\/tr\/wp-json\/wp\/v2\/pages"}],"about":[{"href":"https:\/\/gynaikologos-komotini-old.xo-websites4.gr\/tr\/wp-json\/wp\/v2\/types\/page"}],"author":[{"embeddable":true,"href":"https:\/\/gynaikologos-komotini-old.xo-websites4.gr\/tr\/wp-json\/wp\/v2\/users\/5"}],"replies":[{"embeddable":true,"href":"https:\/\/gynaikologos-komotini-old.xo-websites4.gr\/tr\/wp-json\/wp\/v2\/comments?post=9057"}],"version-history":[{"count":0,"href":"https:\/\/gynaikologos-komotini-old.xo-websites4.gr\/tr\/wp-json\/wp\/v2\/pages\/9057\/revisions"}],"up":[{"embeddable":true,"href":"https:\/\/gynaikologos-komotini-old.xo-websites4.gr\/tr\/wp-json\/wp\/v2\/pages\/9039"}],"wp:attachment":[{"href":"https:\/\/gynaikologos-komotini-old.xo-websites4.gr\/tr\/wp-json\/wp\/v2\/media?parent=9057"}],"curies":[{"name":"wp","href":"https:\/\/api.w.org\/{rel}","templated":true}]}}