{"id":9061,"date":"2017-10-31T09:46:02","date_gmt":"2017-10-31T07:46:02","guid":{"rendered":"https:\/\/gynaikologos-komotini.gr\/hamile\/mi-epemvatikos-progennitikos-elegchos\/"},"modified":"2023-05-02T14:06:10","modified_gmt":"2023-05-02T12:06:10","slug":"non-invaziv-prenatal-tarama","status":"publish","type":"page","link":"https:\/\/gynaikologos-komotini-old.xo-websites4.gr\/tr\/hamile\/non-invaziv-prenatal-tarama\/","title":{"rendered":"Non invaziv prenatal tarama"},"content":{"rendered":"<div class=\"row \"><div class=\"wpv-grid grid-1-2  wpv-first-level first unextended animation-zoom-in animated-active\" style=\"padding-top:0px;padding-bottom:0px\" id=\"wpv-column-8157cbfa167b0b6eeb086bf76b2c45d9\" ><h2 style=\"width: 0; height: 0; color: transparent; background-color: transparent; margin: 0; padding: 0;\">\u039c\u03b7 \u03b5\u03c0\u03b5\u03bc\u03b2\u03b5\u03c4\u03b9\u03ba\u03cc\u03c2 \u03c0\u03c1\u03bf\u03b3\u03b5\u03bd\u03bd\u03b7\u03c4\u03b9\u03ba\u03cc\u03c2 \u03ad\u03bb\u03b5\u03b3\u03c7\u03bf\u03c2<\/h2>\n<h3 style=\"width: 0; height: 0; color: transparent; background-color: transparent; margin: 0; padding: 0;\">\u039c\u03b7 \u03b5\u03c0\u03b5\u03bc\u03b2\u03b5\u03c4\u03b9\u03ba\u03cc\u03c2 \u03c0\u03c1\u03bf\u03b3\u03b5\u03bd\u03bd\u03b7\u03c4\u03b9\u03ba\u03cc\u03c2 \u03ad\u03bb\u03b5\u03b3\u03c7\u03bf\u03c2<\/h3>\n<p style=\"text-align: center;\"><div class=\"push\" style='height:80px'><\/div>\n<p style=\"text-align: center;\"><a href=\"https:\/\/gynaikologos-komotini-old.xo-websites4.gr\/wp-content\/uploads\/2017\/10\/xrwmosomikes-anwmalies.jpg\" data-rel=\"lightbox-image-0\" data-rl_title=\"\" data-rl_caption=\"\" title=\"\"><img class=\"aligncenter wp-image-8070 size-full\" src=\"https:\/\/gynaikologos-komotini-old.xo-websites4.gr\/wp-content\/uploads\/2017\/10\/xrwmosomikes-anwmalies.jpg\" alt=\"xrwmosomikes-anwmalies\" width=\"314\" height=\"314\" srcset=\"https:\/\/gynaikologos-komotini-old.xo-websites4.gr\/wp-content\/uploads\/2017\/10\/xrwmosomikes-anwmalies.jpg 314w, https:\/\/gynaikologos-komotini-old.xo-websites4.gr\/wp-content\/uploads\/2017\/10\/xrwmosomikes-anwmalies-150x150.jpg 150w, https:\/\/gynaikologos-komotini-old.xo-websites4.gr\/wp-content\/uploads\/2017\/10\/xrwmosomikes-anwmalies-300x300.jpg 300w, https:\/\/gynaikologos-komotini-old.xo-websites4.gr\/wp-content\/uploads\/2017\/10\/xrwmosomikes-anwmalies-60x60.jpg 60w, https:\/\/gynaikologos-komotini-old.xo-websites4.gr\/wp-content\/uploads\/2017\/10\/xrwmosomikes-anwmalies-43x43.jpg 43w, https:\/\/gynaikologos-komotini-old.xo-websites4.gr\/wp-content\/uploads\/2017\/10\/xrwmosomikes-anwmalies-262x262.jpg 262w\" sizes=\"(max-width: 314px) 100vw, 314px\" \/><\/a><\/div><\/div>\n<p>&nbsp;<\/p>\n<div class=\"row \"><div class=\"wpv-grid grid-1-2  wpv-first-level first unextended\" style=\"padding-top:0px;padding-bottom:0px\" id=\"wpv-column-3f804418ce38c56194e3bd26bf3ebc09\" ><div class=\"push\" style='height:80px'><\/div>\n<h4><strong>\u015eimdiye kadar ne yap\u0131yoruz?<\/strong><\/h4>\n<p>Fet\u00fcslerde en s\u0131k g\u00f6r\u00fclen kromozom anomalisi trizomi 21 veya Down sendromudur, daha az s\u0131kl\u0131kta trizomi 18 ve 13 g\u00f6r\u00fcl\u00fcr ve bunlar do\u011frudan annenin ya\u015f\u0131 ile ili\u015fkilidir. Te\u015fhisleri, fet\u00fcs\u00fcn <strong>ultrason muayenesi<\/strong> (ense saydaml\u0131\u011f\u0131) ve annenin biyokimyasal belirte\u00e7lerini i\u00e7eren kombine bir do\u011fum \u00f6ncesi testi uygulanarak ger\u00e7ekle\u015ftirilir, b\u00f6ylece ortaya \u00e7\u0131kacak olas\u0131l\u0131\u011fa ba\u011fl\u0131 olarak, <strong>invaziv prenatal tarama metodu<\/strong> uygulanmas\u0131 i\u00e7in y\u00fcksek riskli gebeler se\u00e7ilebilir. Bu t\u00fcr bir uygulama, %1,3 hata olas\u0131l\u0131\u011f\u0131 ile (yanl\u0131\u015f pozitif sonu\u00e7lar)\u00a0 trizomi 21&#8217;in %93&#8217;\u00fcn\u00fc ve trizomi 18 ve 13&#8217;\u00fcn %95&#8217;ini saptar.<\/div><\/div>\n<div class=\"sep\"><\/div>\n<div class=\"row \"><div class=\"wpv-grid grid-1-2  wpv-first-level first unextended animation-from-left animated-active\" style=\"padding-top:0px;padding-bottom:0px\" id=\"wpv-column-d98396f8390bc78f3588a6e4d113e28e\" ><div class=\"push\" style='height:80px'><\/div>\n<h4><strong>Yeni y\u00f6ntem nedir?<\/strong><\/h4>\n<p>Bununla birlikte, plasenta kaynakl\u0131 fet\u00fcs\u00fcn DNA b\u00f6l\u00fcmlerinin anne kan\u0131nda yeterli miktarlarda (gebeli\u011fin 10. haftas\u0131ndan sonra) serbest\u00e7e dola\u015ft\u0131\u011f\u0131n\u0131n ke\u015ffedilmesi, DNA dizisinin kitlesel veya se\u00e7ici belirleme teknikleri yoluyla (MPSS, CSS, SNP) kromozomlar\u0131n, normale g\u00f6re daha fazla veya daha az kopyalar\u0131n\u0131n olup olmad\u0131\u011f\u0131n\u0131 belirleme olas\u0131l\u0131\u011f\u0131n\u0131 sunmu\u015ftur. Bu y\u00f6nteme <strong>non-invaziv prenatal serbest DNA testi (cfDNA testi veya NIPT)<\/strong> ad\u0131 verilir ve yak\u0131n tarihli bir ara\u015ft\u0131rmaya g\u00f6re g\u00fcvenilirli\u011fi trizomi 21 i\u00e7in %99,5 ve trizomi 18 ve 13 i\u00e7in s\u0131ras\u0131yla %96 ve %91&#8217;dir. Trizomi 21 i\u00e7in hata olas\u0131l\u0131\u011f\u0131 %0,08 ve geri kalan\u0131 i\u00e7in %0,26d\u0131r. \u0130kiz gebeliklerde trizomi 21 i\u00e7in g\u00fcvenilirlik %93.7, hata olas\u0131l\u0131\u011f\u0131 %0.23&#8217;t\u00fcr.<\/p>\n<div class=\"row \"><div class=\"wpv-grid grid-1-2  wpv-first-level first unextended animation-zoom-in animated-active\" style=\"padding-top:0px;padding-bottom:0px\" id=\"wpv-column-d53b535f5904f67444128f9fe954119b\" ><\/div><\/div>\n<p style=\"text-align: center;\"><div class=\"push\" style='height:80px'><\/div>\n<a href=\"https:\/\/gynaikologos-komotini-old.xo-websites4.gr\/wp-content\/uploads\/2017\/10\/xrwmoswmata-1.jpg\" data-rel=\"lightbox-image-1\" data-rl_title=\"\" data-rl_caption=\"\" title=\"\"><img class=\"aligncenter wp-image-8100 size-full\" src=\"https:\/\/gynaikologos-komotini-old.xo-websites4.gr\/wp-content\/uploads\/2017\/10\/xrwmoswmata-1.jpg\" alt=\"xrwmoswmata-1\" width=\"314\" height=\"314\" srcset=\"https:\/\/gynaikologos-komotini-old.xo-websites4.gr\/wp-content\/uploads\/2017\/10\/xrwmoswmata-1.jpg 314w, https:\/\/gynaikologos-komotini-old.xo-websites4.gr\/wp-content\/uploads\/2017\/10\/xrwmoswmata-1-150x150.jpg 150w, https:\/\/gynaikologos-komotini-old.xo-websites4.gr\/wp-content\/uploads\/2017\/10\/xrwmoswmata-1-300x300.jpg 300w, https:\/\/gynaikologos-komotini-old.xo-websites4.gr\/wp-content\/uploads\/2017\/10\/xrwmoswmata-1-60x60.jpg 60w, https:\/\/gynaikologos-komotini-old.xo-websites4.gr\/wp-content\/uploads\/2017\/10\/xrwmoswmata-1-43x43.jpg 43w, https:\/\/gynaikologos-komotini-old.xo-websites4.gr\/wp-content\/uploads\/2017\/10\/xrwmoswmata-1-262x262.jpg 262w\" sizes=\"(max-width: 314px) 100vw, 314px\" \/><\/a><\/div>\n<div class=\"sep\"><\/div>\n<div class=\"wpv-grid grid-1-2  wpv-first-level unextended animation-zoom-in animated-active\" style=\"padding-top:0px;padding-bottom:0px\" id=\"wpv-column-dffa2a8fdedc616070ac8f3bcedf3f66\" ><p style=\"text-align: center;\"><div class=\"push\" style='height:80px'><\/div>\n<a href=\"https:\/\/gynaikologos-komotini-old.xo-websites4.gr\/wp-content\/uploads\/2017\/10\/parakolouthisi-glikozis-sto-aima.jpg\" data-rel=\"lightbox-image-2\" data-rl_title=\"\" data-rl_caption=\"\" title=\"\"><img class=\"aligncenter wp-image-8081 size-full\" src=\"https:\/\/gynaikologos-komotini-old.xo-websites4.gr\/wp-content\/uploads\/2017\/10\/parakolouthisi-glikozis-sto-aima.jpg\" alt=\"parakolouthisi-glikozis-sto-aima\" width=\"314\" height=\"314\" srcset=\"https:\/\/gynaikologos-komotini-old.xo-websites4.gr\/wp-content\/uploads\/2017\/10\/parakolouthisi-glikozis-sto-aima.jpg 314w, https:\/\/gynaikologos-komotini-old.xo-websites4.gr\/wp-content\/uploads\/2017\/10\/parakolouthisi-glikozis-sto-aima-150x150.jpg 150w, https:\/\/gynaikologos-komotini-old.xo-websites4.gr\/wp-content\/uploads\/2017\/10\/parakolouthisi-glikozis-sto-aima-300x300.jpg 300w, https:\/\/gynaikologos-komotini-old.xo-websites4.gr\/wp-content\/uploads\/2017\/10\/parakolouthisi-glikozis-sto-aima-60x60.jpg 60w, https:\/\/gynaikologos-komotini-old.xo-websites4.gr\/wp-content\/uploads\/2017\/10\/parakolouthisi-glikozis-sto-aima-43x43.jpg 43w, https:\/\/gynaikologos-komotini-old.xo-websites4.gr\/wp-content\/uploads\/2017\/10\/parakolouthisi-glikozis-sto-aima-262x262.jpg 262w\" sizes=\"(max-width: 314px) 100vw, 314px\" \/><\/a><\/div>\n<div class=\"wpv-grid grid-1-2  wpv-first-level unextended animation-from-left animated-active\" style=\"padding-top:0px;padding-bottom:0px\" id=\"wpv-column-b83fb4743ddc509e58495a320729a8a0\" ><div class=\"push\" style='height:80px'><\/div>\n<h4><strong>Ne zaman?<\/strong><\/h4>\n<p>CfDNA testi elbette tan\u0131sal de\u011fildir, ancak prognostiktir, bu nedenle y\u00fcksek risk ta\u015f\u0131yan kad\u0131nlar sonunda tan\u0131y\u0131 do\u011frulamak i\u00e7in invaziv bir teste tabi tutulur. Kullan\u0131lan tekniklerden MPSS en d\u00fc\u015f\u00fck ba\u015far\u0131s\u0131zl\u0131k oran\u0131na sahiptir ve sonu\u00e7 i\u00e7in gereken s\u00fcre 5-10 g\u00fcn aras\u0131nda de\u011fi\u015fmektedir.<\/div><\/div>\n<div class=\"sep\"><\/div>\n<div class=\"row \"><div class=\"wpv-grid grid-1-4  wpv-first-level first unextended\" style=\"padding-top:0px;padding-bottom:0px\" id=\"wpv-column-1f374adf210aef8240c88e2daa7a3ddf\" ><h4><strong>Nerede?<\/strong><\/h4>\n<p>Laboratuvarlar\u0131 a\u011f\u0131rl\u0131kl\u0131 olarak Amerika&#8217;da bulunan testi sunan bir\u00e7ok \u015firket var. Avrupa&#8217;da, sonucun g\u00fcvenilirli\u011fini garanti eden \u00f6nemli Avrupa sertifikalar\u0131na sahip tek laboratuvar \u0130svi\u00e7re&#8217;de bulunmaktad\u0131r.<\/p>\n<p><a href=\"https:\/\/gynaikologos-komotini-old.xo-websites4.gr\/wp-content\/uploads\/2017\/10\/181407-cfDNA_1.jpg\" data-rel=\"lightbox-image-3\" data-rl_title=\"\" data-rl_caption=\"\" title=\"\"><img class=\"aligncenter wp-image-8101 size-full\" src=\"https:\/\/gynaikologos-komotini-old.xo-websites4.gr\/wp-content\/uploads\/2017\/10\/181407-cfDNA_1.jpg\" alt=\"181407-cfDNA_1\" width=\"160\" height=\"212\" \/><\/a><\/div>\n<div class=\"wpv-grid grid-1-4  wpv-first-level unextended\" style=\"padding-top:0px;padding-bottom:0px\" id=\"wpv-column-207d8fc475282a15499d723868b63e49\" ><h4><strong>Ultrason ve non-invaziv prenatal test kar\u015f\u0131la\u015ft\u0131rmas\u0131<\/strong><\/h4>\n<p>\u0130ki y\u00f6ntem kar\u015f\u0131la\u015ft\u0131r\u0131ld\u0131\u011f\u0131nda, NIPT&#8217;\u0131n g\u00fcvenilirlik a\u00e7\u0131s\u0131ndan klasik ultrason kontrol\u00fcnden daha \u00fcst\u00fcn oldu\u011fu a\u00e7\u0131kt\u0131r, ancak maliyeti ve d\u00fc\u015f\u00fckte olsa kesin bir sonu\u00e7 vermeme ihtimali (% 1-5), \u015fu anda t\u00fcm kad\u0131nlarda uygulanmas\u0131na izin vermemektedir.<\/div>\n<div class=\"wpv-grid grid-1-4  wpv-first-level unextended\" style=\"padding-top:0px;padding-bottom:0px\" id=\"wpv-column-7f900eb22346953a87348e93863da923\" ><h4><strong>Hangi kad\u0131nlara NIPT yap\u0131lmal\u0131?<\/strong><\/h4>\n<p>\u00d6nerilen en iyi strateji, ba\u015flang\u0131\u00e7ta, fet\u00fcs\u00fcn anatomisi, preeklampsi ve b\u00fcy\u00fcme gerili\u011fi olas\u0131l\u0131\u011f\u0131n\u0131n belirlenmesi hakk\u0131nda bize \u00f6nemli ek bilgiler veren klasik ultrason muayenesini biyokimyasal belirte\u00e7lerle birlikte yapmakt\u0131r. Riskin y\u00fcksek oldu\u011fu durumlarda (vakalar\u0131n %0,5&#8217;i) kad\u0131nlara invaziv prenatal test, riskin orta oldu\u011fu durumlarda (vakalar\u0131n %20&#8217;si) non-invaziv prenatal test (NIPT) yap\u0131lmas\u0131 gerekir ve risk d\u00fc\u015f\u00fck ise (vakalar\u0131n %80&#8217;i), hamile kad\u0131na olas\u0131l\u0131\u011f\u0131n minimum oldu\u011fu konusunda g\u00fcvence verilmelidir.<\/div>\n<div class=\"wpv-grid grid-1-4  wpv-first-level unextended\" style=\"padding-top:0px;padding-bottom:0px\" id=\"wpv-column-22e3933277ec52cacab6ed24501f57a4\" ><h4><strong>Sonu\u00e7 olarak, ka\u00e7 tanesi amniyosentez yapacak?<\/strong><\/h4>\n<p>B\u00f6yle bir politika ile sonunda trizomilerin %98&#8217;i ke\u015ffedilir ve hamile kad\u0131nlar\u0131n yaln\u0131zca %0,8&#8217;i invaziv prenatal teste tabi tutulur; bu oran yaln\u0131zca ultrason tarama testi yap\u0131ld\u0131\u011f\u0131nda %2,6 ve yaln\u0131zca NIPT yap\u0131ld\u0131\u011f\u0131nda %1,4&#8217;t\u00fcr..<\/p>\n<p><a href=\"https:\/\/gynaikologos-komotini-old.xo-websites4.gr\/wp-content\/uploads\/2017\/10\/181413-cfDNA_7.jpg\" data-rel=\"lightbox-image-4\" data-rl_title=\"\" data-rl_caption=\"\" title=\"\"><img class=\"wp-image-8102 size-full aligncenter\" src=\"https:\/\/gynaikologos-komotini-old.xo-websites4.gr\/wp-content\/uploads\/2017\/10\/181413-cfDNA_7.jpg\" alt=\"181413-cfDNA_7\" width=\"198\" height=\"254\" \/><\/a><\/div><\/div>\n<div class=\"sep\"><\/div>\n<div class=\"wpv-accordion-wrapper wpv-accordion-1\"><svg width=\"0\" height=\"0\"><style>.wpv-accordion-1 .tab .inner { background-color: #3695EB; color: #ffffff; }<\/style><\/svg><ul class=\"wpv-accordion\" data-collapsible=\"1\"><li class=\"pane-wrapper\" style=\"\">\n\t\t\t\t\t<h4 class=\"tab\"><span class=\"inner\">Azalma var m\u0131?<\/span><\/h4>\n\t\t\t\t\t<div class=\"pane\"><div class=\"inner\"><p>Bu \u015fekilde, amniyosentez yap\u0131lan kad\u0131n say\u0131s\u0131 \u00f6nemli \u00f6l\u00e7\u00fcde azal\u0131r (%50&#8217;nin \u00fczerinde), bilindi\u011fi \u00fczere %1 d\u00fc\u015f\u00fck yapma olas\u0131l\u0131\u011f\u0131 olan bir prosed\u00fcr oldu\u011fu a\u00e7\u0131kt\u0131r.<\/p>\n<p><a href=\"https:\/\/gynaikologos-komotini-old.xo-websites4.gr\/wp-content\/uploads\/2017\/10\/181488-cfDNA_14.jpg\" data-rel=\"lightbox-image-5\" data-rl_title=\"\" data-rl_caption=\"\" title=\"\"><img class=\"aligncenter wp-image-8104 size-full\" src=\"https:\/\/gynaikologos-komotini-old.xo-websites4.gr\/wp-content\/uploads\/2017\/10\/181488-cfDNA_14.jpg\" alt=\"181488-cfDNA_14\" width=\"316\" height=\"160\" srcset=\"https:\/\/gynaikologos-komotini-old.xo-websites4.gr\/wp-content\/uploads\/2017\/10\/181488-cfDNA_14.jpg 316w, https:\/\/gynaikologos-komotini-old.xo-websites4.gr\/wp-content\/uploads\/2017\/10\/181488-cfDNA_14-300x152.jpg 300w, https:\/\/gynaikologos-komotini-old.xo-websites4.gr\/wp-content\/uploads\/2017\/10\/181488-cfDNA_14-262x133.jpg 262w\" sizes=\"(max-width: 316px) 100vw, 316px\" \/><\/a><\/div><\/div>\n\t\t\t\t\t<\/li><li class=\"pane-wrapper\" style=\"\">\n\t\t\t\t\t<h4 class=\"tab\"><span class=\"inner\">Test pozitifse emin olabilir miyim?<\/span><\/h4>\n\t\t\t\t\t<div class=\"pane\"><div class=\"inner\"><p>Daha \u00f6nce de bahsedildi\u011fi gibi, test \u00f6ng\u00f6r\u00fcc\u00fcd\u00fcr ve bu nedenle, test taraf\u0131ndan saptanan plasentadan gelen h\u00fccrelerde bir miktar trizomi bulunurken, fet\u00fcs\u00fcnkiler normal olabilir. Bu nedenle, pozitif bir testten sonra, invaziv prenatal test (amniyosentez) ile do\u011frulama her zaman gereklidir.<\/p>\n<p><a href=\"https:\/\/gynaikologos-komotini-old.xo-websites4.gr\/wp-content\/uploads\/2017\/10\/181415-cfDNA_10.jpg\" data-rel=\"lightbox-image-6\" data-rl_title=\"\" data-rl_caption=\"\" title=\"\"><img class=\"wp-image-8103 size-full aligncenter\" src=\"https:\/\/gynaikologos-komotini-old.xo-websites4.gr\/wp-content\/uploads\/2017\/10\/181415-cfDNA_10.jpg\" alt=\"181415-cfDNA_10\" width=\"300\" height=\"168\" srcset=\"https:\/\/gynaikologos-komotini-old.xo-websites4.gr\/wp-content\/uploads\/2017\/10\/181415-cfDNA_10.jpg 300w, https:\/\/gynaikologos-komotini-old.xo-websites4.gr\/wp-content\/uploads\/2017\/10\/181415-cfDNA_10-262x147.jpg 262w\" sizes=\"(max-width: 300px) 100vw, 300px\" \/><\/a><\/div><\/div>\n\t\t\t\t\t<\/li><li class=\"pane-wrapper\" style=\"\">\n\t\t\t\t\t<h4 class=\"tab\"><span class=\"inner\">\u00c7o\u011ful gebeliklerde ne olur?<\/span><\/h4>\n\t\t\t\t\t<div class=\"pane\"><div class=\"inner\"><p>Fet\u00fcslerin genetik materyalinin ayn\u0131 oldu\u011fu monokoryonik gebeliklerde y\u00f6ntem uygulanabilir, ancak dikoryonik gebeliklerde \u015fimdilik bu y\u00f6ntem g\u00fcvenilir de\u011fildir.<\/p>\n<p><a href=\"https:\/\/gynaikologos-komotini-old.xo-websites4.gr\/wp-content\/uploads\/2017\/10\/polidimes-kiisieis.jpg\" data-rel=\"lightbox-image-7\" data-rl_title=\"\" data-rl_caption=\"\" title=\"\"><img class=\"wp-image-8105 size-full aligncenter\" src=\"https:\/\/gynaikologos-komotini-old.xo-websites4.gr\/wp-content\/uploads\/2017\/10\/polidimes-kiisieis.jpg\" alt=\"polidimes kiisieis\" width=\"314\" height=\"314\" srcset=\"https:\/\/gynaikologos-komotini-old.xo-websites4.gr\/wp-content\/uploads\/2017\/10\/polidimes-kiisieis.jpg 314w, https:\/\/gynaikologos-komotini-old.xo-websites4.gr\/wp-content\/uploads\/2017\/10\/polidimes-kiisieis-150x150.jpg 150w, https:\/\/gynaikologos-komotini-old.xo-websites4.gr\/wp-content\/uploads\/2017\/10\/polidimes-kiisieis-300x300.jpg 300w, https:\/\/gynaikologos-komotini-old.xo-websites4.gr\/wp-content\/uploads\/2017\/10\/polidimes-kiisieis-60x60.jpg 60w, https:\/\/gynaikologos-komotini-old.xo-websites4.gr\/wp-content\/uploads\/2017\/10\/polidimes-kiisieis-43x43.jpg 43w, https:\/\/gynaikologos-komotini-old.xo-websites4.gr\/wp-content\/uploads\/2017\/10\/polidimes-kiisieis-262x262.jpg 262w\" sizes=\"(max-width: 314px) 100vw, 314px\" \/><\/a><\/div><\/div>\n\t\t\t\t\t<\/li><li class=\"pane-wrapper\" style=\"\">\n\t\t\t\t\t<h4 class=\"tab\"><span class=\"inner\">Sonu\u00e7 alamama riskim var m\u0131?<\/span><\/h4>\n\t\t\t\t\t<div class=\"pane\"><div class=\"inner\"><p>Risk \u00f6zellikle obez kad\u0131nlarda mevcuttur. Bu nedenle ya muayene tekrarlan\u0131r ya da invaziv prenatal testler yap\u0131l\u0131r.<\/div><\/div>\n\t\t\t\t\t<\/li><li class=\"pane-wrapper\" style=\"\">\n\t\t\t\t\t<h4 class=\"tab\"><span class=\"inner\">Non-invaziv prenatal test ile ilgili yenilikler nelerdir (yeni)?<\/span><\/h4>\n\t\t\t\t\t<div class=\"pane\"><div class=\"inner\"><p>Non-invaziv prenatal testin (NIPT) n\u00fcfus prenatal test politikas\u0131 \u00fczerindeki etkisine ili\u015fkin en son ISUOG kabul\u00fcne g\u00f6re, a\u015fa\u011f\u0131daki durumlarda yap\u0131lmamal\u0131d\u0131r:<\/p>\n<ul>\n<li>Bir kromozom anomalisi i\u00e7in risk olas\u0131l\u0131\u011f\u0131 1\/10&#8217;dan b\u00fcy\u00fck oldu\u011funda, \u00e7\u00fcnk\u00fc bu grup NIPT taraf\u0131ndan tespit edilenler (21,13,18) d\u0131\u015f\u0131nda b\u00fcy\u00fck oranda (%30) anormallik i\u00e7erir.<\/li>\n<li>Bir ultrason anormalli\u011fi saptan\u0131rsa veya ense saydaml\u0131\u011f\u0131nda art\u0131\u015f varsa<\/li>\n<li>Annenin ya\u015f\u0131 nedeniyle risk d\u00fc\u015f\u00fckse ve bu nedenle- y\u00fcksek maliyet ve yeterli veri olmad\u0131\u011f\u0131 ger\u00e7e\u011fi g\u00f6z \u00f6n\u00fcne al\u0131nd\u0131\u011f\u0131nda- ense saydaml\u0131\u011f\u0131 ve biyokimyasal belirte\u00e7ler testi yapmak daha iyidir.<\/li>\n<li>Halihaz\u0131rda net bir sonu\u00e7 vermeyen bir test yap\u0131lm\u0131\u015fsa; bu durumda mozaik olu\u015fmas\u0131n\u0131 \u00f6nlemek i\u00e7in amniyosentez ile birlikte aGHH tercih edilir.<\/li>\n<\/ul>\n<p style=\"font-size: 12px;\">Salomon LJ, Alfirevic Z, Audibert F, Kagan KO, Paladini D, Yeo G, Raine-Fenning N,\u00a0on behalf of the ISUOG Clinical Standards Committee. ISUOG consensus statement\u00a0on the impact of non-invasive prenatal testing (NIPT) on prenatal ultrasound practice.<em>Ultrasound Obstet Gynecol\u00a0<\/em>2017;\u00a049: 815-816<\/div><\/div>\n\t\t\t\t\t<\/li><\/ul><\/div>\n","protected":false},"excerpt":{"rendered":"<p>\u039c\u03b7 \u03b5\u03c0\u03b5\u03bc\u03b2\u03b5\u03c4\u03b9\u03ba\u03cc\u03c2 \u03c0\u03c1\u03bf\u03b3\u03b5\u03bd\u03bd\u03b7\u03c4\u03b9\u03ba\u03cc\u03c2 \u03ad\u03bb\u03b5\u03b3\u03c7\u03bf\u03c2 \u039c\u03b7 \u03b5\u03c0\u03b5\u03bc\u03b2\u03b5\u03c4\u03b9\u03ba\u03cc\u03c2 \u03c0\u03c1\u03bf\u03b3\u03b5\u03bd\u03bd\u03b7\u03c4\u03b9\u03ba\u03cc\u03c2 \u03ad\u03bb\u03b5\u03b3\u03c7\u03bf\u03c2 &nbsp; \u015eimdiye kadar ne yap\u0131yoruz? Fet\u00fcslerde en s\u0131k g\u00f6r\u00fclen kromozom anomalisi trizomi 21 veya Down sendromudur, daha az s\u0131kl\u0131kta trizomi 18 ve 13 g\u00f6r\u00fcl\u00fcr ve bunlar do\u011frudan annenin ya\u015f\u0131 ile ili\u015fkilidir. Te\u015fhisleri, fet\u00fcs\u00fcn ultrason muayenesi (ense saydaml\u0131\u011f\u0131) ve annenin biyokimyasal belirte\u00e7lerini i\u00e7eren kombine bir do\u011fum \u00f6ncesi testi&#8230;<\/p>\n","protected":false},"author":5,"featured_media":0,"parent":9039,"menu_order":7,"comment_status":"closed","ping_status":"closed","template":"","meta":[],"_links":{"self":[{"href":"https:\/\/gynaikologos-komotini-old.xo-websites4.gr\/tr\/wp-json\/wp\/v2\/pages\/9061"}],"collection":[{"href":"https:\/\/gynaikologos-komotini-old.xo-websites4.gr\/tr\/wp-json\/wp\/v2\/pages"}],"about":[{"href":"https:\/\/gynaikologos-komotini-old.xo-websites4.gr\/tr\/wp-json\/wp\/v2\/types\/page"}],"author":[{"embeddable":true,"href":"https:\/\/gynaikologos-komotini-old.xo-websites4.gr\/tr\/wp-json\/wp\/v2\/users\/5"}],"replies":[{"embeddable":true,"href":"https:\/\/gynaikologos-komotini-old.xo-websites4.gr\/tr\/wp-json\/wp\/v2\/comments?post=9061"}],"version-history":[{"count":0,"href":"https:\/\/gynaikologos-komotini-old.xo-websites4.gr\/tr\/wp-json\/wp\/v2\/pages\/9061\/revisions"}],"up":[{"embeddable":true,"href":"https:\/\/gynaikologos-komotini-old.xo-websites4.gr\/tr\/wp-json\/wp\/v2\/pages\/9039"}],"wp:attachment":[{"href":"https:\/\/gynaikologos-komotini-old.xo-websites4.gr\/tr\/wp-json\/wp\/v2\/media?parent=9061"}],"curies":[{"name":"wp","href":"https:\/\/api.w.org\/{rel}","templated":true}]}}