{"id":9065,"date":"2017-10-31T08:52:41","date_gmt":"2017-10-31T06:52:41","guid":{"rendered":"https:\/\/gynaikologos-komotini.gr\/hamile\/ayxenikh-diafaneia\/"},"modified":"2023-05-02T14:20:32","modified_gmt":"2023-05-02T12:20:32","slug":"fetal-ense-saydamligi","status":"publish","type":"page","link":"https:\/\/gynaikologos-komotini-old.xo-websites4.gr\/tr\/hamile\/fetal-ense-saydamligi\/","title":{"rendered":"Fetal ense saydaml\u0131\u011f\u0131"},"content":{"rendered":"<div class=\"row \"><div class=\"wpv-grid grid-1-2  wpv-first-level first unextended animation-zoom-in animated-active\" style=\"padding-top:0px;padding-bottom:0px\" id=\"wpv-column-0ce29f35f87e3a06f48011e7fbb683d9\" ><h2 style=\"width: 0; height: 0; color: transparent; background-color: transparent; margin: 0; padding: 0;\">\u0388\u03bb\u03b5\u03b3\u03c7\u03bf\u03c2 \u03c7\u03c1\u03c9\u03bc\u03bf\u03c3\u03c9\u03bc\u03b9\u03ba\u03ce\u03bd \u03b1\u03bd\u03c9\u03bc\u03b1\u03bb\u03b9\u03ce\u03bd \u03c4\u03bf\u03c5 \u03b5\u03bc\u03b2\u03c1\u03cd\u03bf\u03c5 &#8211; \u0391\u03c5\u03c7\u03b5\u03bd\u03b9\u03ba\u03ae \u0394\u03b9\u03b1\u03c6\u03ac\u03bd\u03b5\u03b9\u03b1<\/h2>\n<h3 style=\"width: 0; height: 0; color: transparent; background-color: transparent; margin: 0; padding: 0;\">\u0388\u03bb\u03b5\u03b3\u03c7\u03bf\u03c2 \u03c7\u03c1\u03c9\u03bc\u03bf\u03c3\u03c9\u03bc\u03b9\u03ba\u03ce\u03bd \u03b1\u03bd\u03c9\u03bc\u03b1\u03bb\u03b9\u03ce\u03bd \u03c4\u03bf\u03c5 \u03b5\u03bc\u03b2\u03c1\u03cd\u03bf\u03c5 &#8211; \u0391\u03c5\u03c7\u03b5\u03bd\u03b9\u03ba\u03ae \u0394\u03b9\u03b1\u03c6\u03ac\u03bd\u03b5\u03b9\u03b1<\/h3>\n<p style=\"text-align: center;\"><div class=\"push\" style='height:80px'><\/div>\n<p style=\"text-align: center;\"><img class=\"alignnone wp-image-8041 size-full\" src=\"https:\/\/gynaikologos-komotini-old.xo-websites4.gr\/wp-content\/uploads\/2017\/10\/b-epipedou.jpg\" alt=\"b-epipedou\" width=\"314\" height=\"314\" srcset=\"https:\/\/gynaikologos-komotini-old.xo-websites4.gr\/wp-content\/uploads\/2017\/10\/b-epipedou.jpg 314w, https:\/\/gynaikologos-komotini-old.xo-websites4.gr\/wp-content\/uploads\/2017\/10\/b-epipedou-150x150.jpg 150w, https:\/\/gynaikologos-komotini-old.xo-websites4.gr\/wp-content\/uploads\/2017\/10\/b-epipedou-300x300.jpg 300w, https:\/\/gynaikologos-komotini-old.xo-websites4.gr\/wp-content\/uploads\/2017\/10\/b-epipedou-60x60.jpg 60w, https:\/\/gynaikologos-komotini-old.xo-websites4.gr\/wp-content\/uploads\/2017\/10\/b-epipedou-43x43.jpg 43w, https:\/\/gynaikologos-komotini-old.xo-websites4.gr\/wp-content\/uploads\/2017\/10\/b-epipedou-262x262.jpg 262w\" sizes=\"(max-width: 314px) 100vw, 314px\" \/><\/div><\/div>\n<p>&nbsp;<\/p>\n<div class=\"row \"><div class=\"wpv-grid grid-1-2  wpv-first-level first unextended\" style=\"padding-top:0px;padding-bottom:0px\" id=\"wpv-column-15f5736e287d99b4bd4fc7646e86ffde\" ><div class=\"push\" style='height:80px'><\/div>\n<h4><strong>Gebelikte kromozom anomalileri neden kontrol edilmelidir?<\/strong><\/h4>\n<p>Kromozom anomalileri, \u00e7ocukluk d\u00f6neminde perinatal mortalite ve sakatl\u0131\u011f\u0131n \u00f6nde gelen nedenidir. Bunlar\u0131 te\u015fhis etmenin tek yolu, fet\u00fcs\u00fcn trofoblastik dokusunu (biyopsi) veya amniyotik s\u0131v\u0131s\u0131n\u0131 (amniyosentez) alarak kromozomlar\u0131n say\u0131s\u0131n\u0131 ve yap\u0131s\u0131n\u0131 (karyotip) \u00a0kontrol etmektir. Bununla birlikte, her iki y\u00f6ntem de invaziv oldu\u011fundan ve k\u00fc\u00e7\u00fck bir d\u00fc\u015f\u00fck yapma riski (% 1) i\u00e7erdi\u011finden, yaln\u0131zca y\u00fcksek risk alt\u0131ndaki kad\u0131nlara uygulan\u0131r.<\/p>\n<p>70&#8217;lerde, bu riskin kontrol edilmesi yaln\u0131zca annenin ya\u015f\u0131na dayan\u0131yordu. 80&#8217;lerde anne ya\u015f\u0131, biyokimyasal belirte\u00e7ler ve 2. trimesterde fet\u00fcs\u00fcn ayr\u0131nt\u0131l\u0131 ultrason kontrol\u00fc kullan\u0131ld\u0131. 90&#8217;larda, kromozom anomalileri olan embriyolar\u0131n \u00e7o\u011funun, ense kal\u0131nl\u0131klar\u0131 \u00f6l\u00e7\u00fcm\u00fcyle (ense saydaml\u0131\u011f\u0131) ve annenin kan\u0131nda yeni biyokimyasal belirte\u00e7lerin (\u03b2-HCG, PAPP-A)\u00a0 \u00f6l\u00e7\u00fclmesiyle tespit edilebildi\u011fi g\u00f6zlendi\u011finde, tarama gebeli\u011fin ilk trimesterine y\u00f6nlendirildi. Son 10 y\u0131lda, kromozom anomalileri olan fet\u00fcslerin saptanma oran\u0131n\u0131 art\u0131ran ve yanl\u0131\u015f pozitif sonu\u00e7lar\u0131 azaltan, b\u00f6ylece gereksiz yere invaziv bir metoda tabi tutulacak hamile kad\u0131n say\u0131s\u0131n\u0131 azaltan ek ultrason belirte\u00e7leri tan\u0131mlanm\u0131\u015ft\u0131r.<\/div><\/div>\n<div class=\"sep\"><\/div>\n<div class=\"row \"><div class=\"wpv-grid grid-1-2  wpv-first-level first unextended animation-from-left animated-active\" style=\"padding-top:0px;padding-bottom:0px\" id=\"wpv-column-01fc8a9d930d442ac76df19e6ac57fba\" ><div class=\"push\" style='height:80px'><\/div>\n<h4><strong>Anne ya\u015f\u0131na g\u00f6re tarama<\/strong><\/h4>\n<p>Anne ya\u015f\u0131 artt\u0131k\u00e7a kromozom anomalisi riskinin artt\u0131\u011f\u0131 bilinmektedir.<br \/>\nKromozom anomalisi olan fet\u00fcslerin rahimde \u00f6lme riski normal fet\u00fcslere g\u00f6re daha fazla oldu\u011fundan, gebelik ilerledik\u00e7e anomalilerin ortaya \u00e7\u0131kma riskleri azal\u0131r. Ancak, 70&#8217;li y\u0131llarda 35 ya\u015f \u00fcst\u00fc kad\u0131nlar n\u00fcfusun %5&#8217;ini olu\u015fturuyordu ve bu grup kromozom hasarl\u0131 fet\u00fcslerin %30&#8217;unu bar\u0131nd\u0131r\u0131yordu. G\u00fcn\u00fcm\u00fczde, hamile kad\u0131nlar\u0131n %20&#8217;si 35 ya\u015f \u00fcst\u00fcd\u00fcr ve bu grupta da kromozom hasarlar\u0131n\u0131n %50&#8217;si saptanmaktad\u0131r. Bu nedenle, yaln\u0131zca anne ya\u015f\u0131na g\u00f6re y\u00fcksek riskli gebelerin se\u00e7ilmesi politikas\u0131 yanl\u0131\u015ft\u0131r, \u00e7\u00fcnk\u00fc anormal fet\u00fcslerin \u00e7o\u011fu (%35) invaziv bir test i\u00e7in s\u0131n\u0131r olan 35 ya\u015f\u0131n alt\u0131ndaki kad\u0131nlardayd\u0131.<\/div>\n<div class=\"wpv-grid grid-1-2  wpv-first-level unextended animation-zoom-in animated-active\" style=\"padding-top:0px;padding-bottom:0px\" id=\"wpv-column-40b689df4b4bda4c0ddf2cbbbc962568\" ><p style=\"text-align: center;\"><div class=\"push\" style='height:80px'><\/div>\n<img class=\"alignnone wp-image-8094 size-full\" src=\"https:\/\/gynaikologos-komotini-old.xo-websites4.gr\/wp-content\/uploads\/2017\/10\/elegxos-ilikia-miteras.jpg\" alt=\"elegxos-ilikia-miteras\" width=\"314\" height=\"314\" srcset=\"https:\/\/gynaikologos-komotini-old.xo-websites4.gr\/wp-content\/uploads\/2017\/10\/elegxos-ilikia-miteras.jpg 314w, https:\/\/gynaikologos-komotini-old.xo-websites4.gr\/wp-content\/uploads\/2017\/10\/elegxos-ilikia-miteras-150x150.jpg 150w, https:\/\/gynaikologos-komotini-old.xo-websites4.gr\/wp-content\/uploads\/2017\/10\/elegxos-ilikia-miteras-300x300.jpg 300w, https:\/\/gynaikologos-komotini-old.xo-websites4.gr\/wp-content\/uploads\/2017\/10\/elegxos-ilikia-miteras-60x60.jpg 60w, https:\/\/gynaikologos-komotini-old.xo-websites4.gr\/wp-content\/uploads\/2017\/10\/elegxos-ilikia-miteras-43x43.jpg 43w, https:\/\/gynaikologos-komotini-old.xo-websites4.gr\/wp-content\/uploads\/2017\/10\/elegxos-ilikia-miteras-262x262.jpg 262w\" sizes=\"(max-width: 314px) 100vw, 314px\" \/><\/div><\/div>\n<div class=\"sep\"><\/div>\n<div class=\"row \"><div class=\"wpv-grid grid-1-2  wpv-first-level first unextended animation-zoom-in animated-active\" style=\"padding-top:0px;padding-bottom:0px\" id=\"wpv-column-25269db37825c56e5def0c72fc48b82a\" ><p style=\"text-align: center;\"><div class=\"push\" style='height:80px'><\/div>\n<img class=\"alignnone wp-image-8081 size-full\" src=\"https:\/\/gynaikologos-komotini-old.xo-websites4.gr\/wp-content\/uploads\/2017\/10\/parakolouthisi-glikozis-sto-aima.jpg\" alt=\"parakolouthisi-glikozis-sto-aima\" width=\"314\" height=\"314\" srcset=\"https:\/\/gynaikologos-komotini-old.xo-websites4.gr\/wp-content\/uploads\/2017\/10\/parakolouthisi-glikozis-sto-aima.jpg 314w, https:\/\/gynaikologos-komotini-old.xo-websites4.gr\/wp-content\/uploads\/2017\/10\/parakolouthisi-glikozis-sto-aima-150x150.jpg 150w, https:\/\/gynaikologos-komotini-old.xo-websites4.gr\/wp-content\/uploads\/2017\/10\/parakolouthisi-glikozis-sto-aima-300x300.jpg 300w, https:\/\/gynaikologos-komotini-old.xo-websites4.gr\/wp-content\/uploads\/2017\/10\/parakolouthisi-glikozis-sto-aima-60x60.jpg 60w, https:\/\/gynaikologos-komotini-old.xo-websites4.gr\/wp-content\/uploads\/2017\/10\/parakolouthisi-glikozis-sto-aima-43x43.jpg 43w, https:\/\/gynaikologos-komotini-old.xo-websites4.gr\/wp-content\/uploads\/2017\/10\/parakolouthisi-glikozis-sto-aima-262x262.jpg 262w\" sizes=\"(max-width: 314px) 100vw, 314px\" \/><\/div>\n<div class=\"wpv-grid grid-1-2  wpv-first-level unextended animation-from-left animated-active\" style=\"padding-top:0px;padding-bottom:0px\" id=\"wpv-column-624b287a0e1be28c54bc3e589f19fda9\" ><div class=\"push\" style='height:80px'><\/div>\n<h4><strong>Maternal biyokimyasal belirte\u00e7lere dayal\u0131 tarama<\/strong><\/h4>\n<p>Kromozom anomalileri olan gebeliklerde, \u00e7e\u015fitli feto-plasental \u00fcr\u00fcnlerin konsantrasyonlar\u0131n\u0131n normal fet\u00fcslerin gebeliklerine g\u00f6re farkl\u0131 oldu\u011fu g\u00f6sterilmi\u015ftir. Bu \u00fcr\u00fcnlerin ikinci trimesterde maternal biyokimyasal belirte\u00e7ler olarak \u00f6l\u00e7\u00fclmesi, kromozom bozuklu\u011fu olan fet\u00fcsleri tespit etme hassasiyetini yaln\u0131zca ya\u015f kullan\u0131ld\u0131\u011f\u0131nda olan %35&#8217;ten, AFP ve \u03b2-HCG (\u00e7ift test) kullan\u0131ld\u0131\u011f\u0131nda %60-65&#8217;e, uE3 de (\u00fc\u00e7l\u00fc test)\u00a0 kullan\u0131ld\u0131\u011f\u0131nda \u00a0%65-70&#8217;e ve inhibin A (d\u00f6rtl\u00fc test) kullan\u0131ld\u0131\u011f\u0131nda %70-75 \u00e7\u0131kar\u0131r.<\/div><\/div>\n<div class=\"sep\"><\/div>\n<p><a href=\"\/wp-content\/uploads\/2017\/11\/auheniki-xrwmoswmiki-anwmalia.jpg\" data-rel=\"lightbox-image-0\" data-rl_title=\"\" data-rl_caption=\"\" title=\"\"><img class=\"size-full wp-image-8095 aligncenter\" src=\"\/wp-content\/uploads\/2017\/11\/auheniki-xrwmoswmiki-anwmalia.jpg\" alt=\"198508-NB_NORMAL\" width=\"432\" height=\"325\" \/><\/a><\/p>\n<div class=\"sep\"><\/div>\n<div class=\"row \"><div class=\"wpv-grid grid-1-3  wpv-first-level first unextended\" style=\"padding-top:0px;padding-bottom:0px\" id=\"wpv-column-b1abbab493487d8c9558b833dc0a4a0e\" ><p>Ancak, son on y\u0131lda ultrason belirte\u00e7lerini de entegre etme \u00e7abas\u0131yla biyokimyasal belirte\u00e7ler 1. trimesterde \u00f6l\u00e7\u00fclmeye ba\u015fland\u0131. \u00d6zellikle, trizomi 21&#8217;li fet\u00fcslerde beta HCG&#8217;nin normalin iki kat\u0131 konsantrasyona sahip oldu\u011fu, PAPP-A&#8217;n\u0131n ise trizomi 21&#8217;li fet\u00fcslerde normal olanlara g\u00f6re yar\u0131 yar\u0131ya oldu\u011fu g\u00f6r\u00fclm\u00fc\u015ft\u00fcr. Yukar\u0131daki g\u00f6stergelerin dahil edilmesi, anormal kromozomlu fet\u00fcsleri tespit etme hassasiyetini ya\u015fa dayal\u0131 olan %30&#8217;dan %60-65&#8217;e \u00e7\u0131kar\u0131r. Son y\u0131llarda, kromozom anomalisi olan fet\u00fcslerde daha d\u00fc\u015f\u00fck olan PLGF ve AFP gibi yeni t\u00fcrevler dahil edilmi\u015ftir. Yeni g\u00f6stergeler hassasiyeti %80&#8217;e \u00e7\u0131kar\u0131yor.<\/p>\n<p><a href=\"https:\/\/gynaikologos-komotini-old.xo-websites4.gr\/wp-content\/uploads\/2017\/10\/198508-NB_NORMAL.jpg\" data-rel=\"lightbox-image-1\" data-rl_title=\"\" data-rl_caption=\"\" title=\"\"><img class=\"size-full wp-image-8095 aligncenter\" src=\"https:\/\/gynaikologos-komotini-old.xo-websites4.gr\/wp-content\/uploads\/2017\/10\/198508-NB_NORMAL.jpg\" alt=\"198508-NB_NORMAL\" width=\"432\" height=\"325\" srcset=\"https:\/\/gynaikologos-komotini-old.xo-websites4.gr\/wp-content\/uploads\/2017\/10\/198508-NB_NORMAL.jpg 432w, https:\/\/gynaikologos-komotini-old.xo-websites4.gr\/wp-content\/uploads\/2017\/10\/198508-NB_NORMAL-300x226.jpg 300w, https:\/\/gynaikologos-komotini-old.xo-websites4.gr\/wp-content\/uploads\/2017\/10\/198508-NB_NORMAL-360x271.jpg 360w, https:\/\/gynaikologos-komotini-old.xo-websites4.gr\/wp-content\/uploads\/2017\/10\/198508-NB_NORMAL-262x197.jpg 262w\" sizes=\"(max-width: 432px) 100vw, 432px\" \/><\/a><\/div>\n<div class=\"wpv-grid grid-1-3  wpv-first-level unextended\" style=\"padding-top:0px;padding-bottom:0px\" id=\"wpv-column-47df4fe01578d2c4c32a3e76dd63a3ce\" ><h4><strong>Ense saydaml\u0131\u011f\u0131 kontrol\u00fc<\/strong><\/h4>\n<p>1866&#8217;da Langdon Down, trizomi 21&#8217;li bireylerin derisinin normal bireylerden daha kal\u0131n oldu\u011funu g\u00f6zlemledi. 1992&#8217;de Profes\u00f6r K. Nicolaidis, bu kal\u0131nla\u015fman\u0131n gebeli\u011fin 3. ay\u0131nda ultrason g\u00f6r\u00fcnt\u00fcs\u00fcnde fet\u00fcs\u00fcn boynunda s\u0131v\u0131 birikmesi olarak g\u00f6zlenebilece\u011fini ke\u015ffetti ve buna ense saydaml\u0131\u011f\u0131 ad\u0131 verildi. Son 20 y\u0131lda yap\u0131lan kapsaml\u0131 \u00e7al\u0131\u015fmalar, artan ense saydaml\u0131\u011f\u0131n\u0131n do\u011frudan kromozom anomalileri, kalp kusurlar\u0131 ve fet\u00fcs\u00fcn baz\u0131 genetik sendromlar\u0131 ile ili\u015fkili oldu\u011funu g\u00f6stermi\u015ftir. Bu nedenle art\u0131k 11. ve 14. haftalar aras\u0131ndaki t\u00fcm gebeliklerde \u00f6l\u00e7\u00fcm\u00fc, g\u00fcvenilir olmas\u0131 i\u00e7in \u00f6l\u00e7\u00fcm\u00fcn\u00fc y\u00f6neten belirli standartlara g\u00f6re uygulanmaktad\u0131r.<\/div>\n<div class=\"wpv-grid grid-1-3  wpv-first-level unextended\" style=\"padding-top:0px;padding-bottom:0px\" id=\"wpv-column-3b8a73d9ad7a731c3247059bd318236e\" ><p>Son iki y\u0131lda, yukar\u0131daki kombinasyona, bilinen burun kemi\u011fine ek olarak, duktus venosus&#8217;un ak\u0131\u015f\u0131na kar\u015f\u0131 artan diren\u00e7 ve fetal kalbin trik\u00fcspit kapa\u011f\u0131n\u0131n yetersizli\u011fi gibi yeni ultrason belirte\u00e7leri eklenmi\u015ftir. Trizomi 21&#8217;li fet\u00fcslerde burun kemi\u011fi yoklu\u011fu veya duktus venozusta patolojik ak\u0131m (a-dalga inversiyonu) ve kalbin trik\u00fcspit kapa\u011f\u0131nda yetmezlik s\u0131ras\u0131yla %60, %65, %55 oran\u0131nda g\u00f6r\u00fcld\u00fc\u011f\u00fc bilinmektedir. Normal fet\u00fcslerde ise %2,5,3 ve %1 oranlar\u0131ndad\u0131r.<\/p>\n<p><a href=\"https:\/\/gynaikologos-komotini-old.xo-websites4.gr\/wp-content\/uploads\/2017\/10\/198507-NB_ABNORMAL.jpg\" data-rel=\"lightbox-image-2\" data-rl_title=\"\" data-rl_caption=\"\" title=\"\"><img class=\"wp-image-8097 size-full aligncenter\" src=\"https:\/\/gynaikologos-komotini-old.xo-websites4.gr\/wp-content\/uploads\/2017\/10\/198507-NB_ABNORMAL.jpg\" alt=\"198507-NB_ABNORMAL\" width=\"422\" height=\"319\" srcset=\"https:\/\/gynaikologos-komotini-old.xo-websites4.gr\/wp-content\/uploads\/2017\/10\/198507-NB_ABNORMAL.jpg 422w, https:\/\/gynaikologos-komotini-old.xo-websites4.gr\/wp-content\/uploads\/2017\/10\/198507-NB_ABNORMAL-300x227.jpg 300w, https:\/\/gynaikologos-komotini-old.xo-websites4.gr\/wp-content\/uploads\/2017\/10\/198507-NB_ABNORMAL-360x272.jpg 360w, https:\/\/gynaikologos-komotini-old.xo-websites4.gr\/wp-content\/uploads\/2017\/10\/198507-NB_ABNORMAL-262x198.jpg 262w\" sizes=\"(max-width: 422px) 100vw, 422px\" \/><\/a><\/div><\/div>\n<div class=\"sep\"><\/div>\n<h4><strong>Kromozom anomali tarama ultrasonu neleri i\u00e7erecek ve ne zaman yap\u0131lacak?<\/strong><\/h4>\n<p>Yukar\u0131daki g\u00f6zlemler g\u00f6z \u00f6n\u00fcne al\u0131nd\u0131\u011f\u0131nda, kromozom anomalilerini taramas\u0131 i\u00e7in her kad\u0131na \u00f6nerilen birle\u015fik model a\u015fa\u011f\u0131daki gibidir:<\/p>\n<p>Gebeli\u011fin 11-14. haftalar\u0131 aras\u0131ndaki d\u00f6nemde fet\u00fcs, sertifikal\u0131 bir FMF doktoru taraf\u0131ndan ultrason muayenesinden ge\u00e7irilmelidir; burada:<\/p>\n<ul>\n<li>Gebelik ya\u015f\u0131n\u0131 do\u011fru bir \u015fekilde belirlemek i\u00e7in fet\u00fcs\u00fcn uzunlu\u011funu (CRL) \u00f6l\u00e7\u00fcl\u00fcr<\/li>\n<li>Gebeli\u011fin 1. trimesterinde saptanan anatomik anormallikler i\u00e7in fet\u00fcs kontrol edilir<\/li>\n<li>Fet\u00fcs\u00fcn ense saydaml\u0131\u011f\u0131 \u00f6l\u00e7\u00fcl\u00fcr<\/li>\n<li>Fetal kalp at\u0131\u015f h\u0131z\u0131 \u00f6l\u00e7\u00fcl\u00fcr<\/li>\n<li>Fetal duktus venozusta ak\u0131\u015f direnci (PI) \u00f6l\u00e7\u00fcl\u00fcr<\/li>\n<li>Kalbin trik\u00fcspit kapa\u011f\u0131nda herhangi bir yetersizlik olup olmad\u0131\u011f\u0131 kontrol edilir<\/li>\n<li>Fetal burun kemi\u011finin varl\u0131\u011f\u0131 kontrol edilir.<\/li>\n<\/ul>\n<p>Ayr\u0131ca:<\/p>\n<p><strong>\u00a0<\/strong><\/p>\n<ul>\n<li>annenin kan\u0131ndaki biyokimyasal belirte\u00e7lerin \u00f6l\u00e7\u00fcm\u00fc<\/li>\n<li>erken do\u011fum (serviks \u00f6l\u00e7\u00fcm\u00fc), preeklampsi, geli\u015fim gerili\u011fi (annenin uterin arterlerindeki direncin \u00f6l\u00e7\u00fcm\u00fc) olas\u0131l\u0131\u011f\u0131 kontrol\u00fc yap\u0131l\u0131r.<\/li>\n<\/ul>\n<p><a href=\"\/wp-content\/uploads\/2017\/11\/abnormalities-auheniki-diafaneia.jpg\" data-rel=\"lightbox-image-3\" data-rl_title=\"\" data-rl_caption=\"\" title=\"\"><img class=\"wp-image-8095 size-full aligncenter\" src=\"\/wp-content\/uploads\/2017\/11\/abnormalities-auheniki-diafaneia.jpg\" alt=\"198508-NB_NORMAL\" width=\"432\" height=\"325\" \/><\/a><\/p>\n<div class=\"sep\"><\/div>\n<h4><strong>Hamile bir kad\u0131n\u0131n kromozom anomalisi olan bir fet\u00fcs ta\u015f\u0131ma riski ne zaman y\u00fcksektir?<\/strong><\/h4>\n<p>Yukar\u0131daki prosed\u00fcr\u00fcn sonu\u00e7lar\u0131na g\u00f6re, ortaya \u00e7\u0131kacak olan olas\u0131l\u0131k 1\/100&#8217;den fazla olacaksa, hamile bir kad\u0131n kromozom anomalisi a\u00e7\u0131s\u0131ndan y\u00fcksek risk grubunda (toplam pop\u00fclasyonun %0,5&#8217;i) s\u0131n\u0131fland\u0131r\u0131l\u0131r. Bu grup, trizomi 21&#8217;li fet\u00fcslerin %93&#8217;\u00fcn\u00fc ve trizomi 13 ve 18&#8217;li fet\u00fcslerin %95&#8217;ini i\u00e7erecekken, baz\u0131 invaziv y\u00f6ntemlere gebelerin %1,3&#8217;\u00fc maruz kalacakt\u0131r.<\/p>\n<p>100-2500 olas\u0131l\u0131kl\u0131 gebeliklerde (orta riskli-toplam pop\u00fclasyonun %20&#8217;si) yukar\u0131daki tarama kombinasyonunu, anne kan\u0131nda yap\u0131lan non-invaziv prenatal test (cfDNA) takip ederse, trizomi 21&#8217;li fet\u00fcslerin %98&#8217;i ve trizomi 13 ve 18&#8217;lilerin ise 96%&#8217;s\u0131 tespit edilebilir. B\u00f6ylece, sonu\u00e7 olarak n\u00fcfusun sadece %0,7&#8217;si baz\u0131 invaziv y\u00f6ntemlere maruz kalacakt\u0131r.<\/p>\n<p><a href=\"https:\/\/gynaikologos-komotini-old.xo-websites4.gr\/wp-content\/uploads\/2017\/10\/198500-nt_schematic.jpg\" data-rel=\"lightbox-image-4\" data-rl_title=\"\" data-rl_caption=\"\" title=\"\"><img class=\"aligncenter wp-image-8098 size-full\" src=\"https:\/\/gynaikologos-komotini-old.xo-websites4.gr\/wp-content\/uploads\/2017\/10\/198500-nt_schematic.jpg\" alt=\"198500-nt_schematic\" width=\"245\" height=\"262\" \/><\/a><\/p>\n","protected":false},"excerpt":{"rendered":"<p>\u0388\u03bb\u03b5\u03b3\u03c7\u03bf\u03c2 \u03c7\u03c1\u03c9\u03bc\u03bf\u03c3\u03c9\u03bc\u03b9\u03ba\u03ce\u03bd \u03b1\u03bd\u03c9\u03bc\u03b1\u03bb\u03b9\u03ce\u03bd \u03c4\u03bf\u03c5 \u03b5\u03bc\u03b2\u03c1\u03cd\u03bf\u03c5 &#8211; \u0391\u03c5\u03c7\u03b5\u03bd\u03b9\u03ba\u03ae \u0394\u03b9\u03b1\u03c6\u03ac\u03bd\u03b5\u03b9\u03b1 \u0388\u03bb\u03b5\u03b3\u03c7\u03bf\u03c2 \u03c7\u03c1\u03c9\u03bc\u03bf\u03c3\u03c9\u03bc\u03b9\u03ba\u03ce\u03bd \u03b1\u03bd\u03c9\u03bc\u03b1\u03bb\u03b9\u03ce\u03bd \u03c4\u03bf\u03c5 \u03b5\u03bc\u03b2\u03c1\u03cd\u03bf\u03c5 &#8211; \u0391\u03c5\u03c7\u03b5\u03bd\u03b9\u03ba\u03ae \u0394\u03b9\u03b1\u03c6\u03ac\u03bd\u03b5\u03b9\u03b1 &nbsp; Gebelikte kromozom anomalileri neden kontrol edilmelidir? Kromozom anomalileri, \u00e7ocukluk d\u00f6neminde perinatal mortalite ve sakatl\u0131\u011f\u0131n \u00f6nde gelen nedenidir. Bunlar\u0131 te\u015fhis etmenin tek yolu, fet\u00fcs\u00fcn trofoblastik dokusunu (biyopsi) veya amniyotik s\u0131v\u0131s\u0131n\u0131 (amniyosentez) alarak kromozomlar\u0131n say\u0131s\u0131n\u0131 ve yap\u0131s\u0131n\u0131 (karyotip) \u00a0kontrol etmektir&#8230;.<\/p>\n","protected":false},"author":5,"featured_media":0,"parent":9039,"menu_order":7,"comment_status":"closed","ping_status":"closed","template":"","meta":[],"_links":{"self":[{"href":"https:\/\/gynaikologos-komotini-old.xo-websites4.gr\/tr\/wp-json\/wp\/v2\/pages\/9065"}],"collection":[{"href":"https:\/\/gynaikologos-komotini-old.xo-websites4.gr\/tr\/wp-json\/wp\/v2\/pages"}],"about":[{"href":"https:\/\/gynaikologos-komotini-old.xo-websites4.gr\/tr\/wp-json\/wp\/v2\/types\/page"}],"author":[{"embeddable":true,"href":"https:\/\/gynaikologos-komotini-old.xo-websites4.gr\/tr\/wp-json\/wp\/v2\/users\/5"}],"replies":[{"embeddable":true,"href":"https:\/\/gynaikologos-komotini-old.xo-websites4.gr\/tr\/wp-json\/wp\/v2\/comments?post=9065"}],"version-history":[{"count":0,"href":"https:\/\/gynaikologos-komotini-old.xo-websites4.gr\/tr\/wp-json\/wp\/v2\/pages\/9065\/revisions"}],"up":[{"embeddable":true,"href":"https:\/\/gynaikologos-komotini-old.xo-websites4.gr\/tr\/wp-json\/wp\/v2\/pages\/9039"}],"wp:attachment":[{"href":"https:\/\/gynaikologos-komotini-old.xo-websites4.gr\/tr\/wp-json\/wp\/v2\/media?parent=9065"}],"curies":[{"name":"wp","href":"https:\/\/api.w.org\/{rel}","templated":true}]}}