{"id":9073,"date":"2017-11-01T11:04:32","date_gmt":"2017-11-01T09:04:32","guid":{"rendered":"https:\/\/gynaikologos-komotini.gr\/rantevou\/"},"modified":"2023-05-03T17:32:25","modified_gmt":"2023-05-03T15:32:25","slug":"randevu","status":"publish","type":"page","link":"https:\/\/gynaikologos-komotini-old.xo-websites4.gr\/tr\/randevu\/","title":{"rendered":"Randevu"},"content":{"rendered":"<div class=\"row \"><div class=\"wpv-grid grid-1-1  wpv-first-level first unextended\" style=\"padding-top:0px;padding-bottom:0px\" id=\"wpv-column-1c949af495e5002d1ae940a01b058aa0\" ><div class=\"row \"><div class=\"wpv-grid grid-1-3  first unextended\" style=\"padding-top:0px;padding-bottom:0px\" id=\"wpv-column-b25c8d2d6224057505a11ec7b69369c1\" ><h2><strong>Alexandros Mainas MD, PhD<\/strong><\/h2>\n<h2><strong>Kad\u0131n Hastal\u0131klar\u0131 ve Do\u011fum Uzman\u0131 \u2013 Jinekolog<\/strong><\/h2><\/div>\n<div class=\"wpv-grid grid-2-3  unextended\" style=\"padding-top:0px;padding-bottom:0px\" id=\"wpv-column-440649b0133b941606b2e1a7b2e83a14\" ><p>Klinikte \u00e7ok \u00e7e\u015fitli kad\u0131n hastal\u0131klar\u0131 tedavi edilmektedir. En basitinden en karma\u015f\u0131\u011f\u0131na ve ergenlik \u00f6ncesinden menopoza kadar. Hastalara en son teknoloji te\u015fhis y\u00f6ntemlerini ve en az invaziv teknikleri sunuyoruz. Y\u00fcksek kaliteli hizmetler sunmak i\u00e7in, t\u00fcm sa\u011fl\u0131k sistemi ile \u00e7al\u0131\u015f\u0131yoruz.<\/p>\n<p>\u00c7ocuk sahibi olmak isteyen ya da halihaz\u0131rda hamile olan kad\u0131nlar i\u00e7in, hem d\u00fc\u015f\u00fck hem de y\u00fcksek riskli gebelikler i\u00e7in tam do\u011fum \u00f6ncesi ve obstetrik izleme sunuyoruz.<\/p>\n<h3 style=\"text-align: center;\"><strong>Randevu almak i\u00e7in:<\/strong><\/h3>\n<p style=\"text-align: center;\"><strong>Muayenehanenin \u00e7al\u0131\u015fma saatleri<\/strong> (yaln\u0131zca randevu ile)<\/p>\n<p style=\"text-align: center;\">Hafta i\u00e7i her g\u00fcn, 9.00-13.00 ve 18.00-22.00, \u00c7ar\u015famba ve Cumartesi \u00f6\u011fleden sonralar\u0131 hari\u00e7<\/p>\n<p style=\"text-align: center;\">Bizi bu numaradan aray\u0131n <a href=\"tel:00302531082777\">25310 82 777\u00a0<\/a><\/p>\n<p style=\"text-align: center;\">veya a\u015fa\u011f\u0131daki formu doldurun, sizinle en k\u0131sa s\u00fcrede ileti\u015fime ge\u00e7elim:<\/div><\/div><\/div><\/div>\n<p>&nbsp;<\/p>\n<div class=\"row \"><div class=\"wpv-grid grid-3-5  wpv-first-level first unextended\" style=\"padding-top:0px;padding-bottom:0px\" id=\"wpv-column-941d697053d2dea0d93b9b69fbb48e8f\" ><div class=\"row \"><div class=\"wpv-grid grid-1-1  first unextended animation-from-right animated-active\" style=\"padding-top:0px;padding-bottom:0px\" id=\"wpv-column-074bb58310f2eb756b86e6259f03643e\" ><div class=\"services clearfix fullimage has-image no-icon no-button \" style=\"text-align:center;\">\n\t<div class=\"services-inside\">\n\t\t\t\t\t\t\t\t\t<div class=\"thumbnail\">\n\t\t\t\t\t\t\t\t\t\t\t\t\t\t\t\t\t\t<img width=\"250\" height=\"270\" src=\"https:\/\/gynaikologos-komotini-old.xo-websites4.gr\/wp-content\/uploads\/2017\/11\/icon-epikoinwnias.png\" class=\"attachment-full size-full\" alt=\"icon-epikoinwnias\" \/>\t\t\t\t\t\t\t\t\t\t\t\t\t\t\t<\/div>\n\t\t\t\t\t\t\t\t\t\t\t\t\t\t<h3 class=\"services-title\">\n\t\t\t\t\t\t\t\t\tRANDEVU\t\t\t\t\t\t\t<\/h3>\n\t\t\t\t\t\t\t<div class=\"services-content\">\n<p>Platia Eirinis 66 (platia KEP kar\u015f\u0131s\u0131)<\/p>\n<p>G\u00fcm\u00fclcine, \u03a4.\u039a. 691 00<\/p>\n<p>Tel.: <a href=\"tel:00302531082777\">25310 82 777<\/a><\/p>\n<p>Fax: 25310 82 777<\/p>\n<p>Cep. <a href=\"tel:00306944668570\">6944 66 85 70<\/a><\/p>\n<p>Email<strong>: <\/strong><a href=\"mailto:mainas@otenet.gr\">mainas@otenet.gr<\/a><\/p>\n<p><a href=\"https:\/\/www.facebook.com\/%CE%91%CE%BB%CE%AD%CE%BE%CE%B1%CE%BD%CE%B4%CF%81%CE%BF%CF%82-%CE%91-%CE%9C%CE%AC%CE%B9%CE%BD%CE%B1%CF%82-MD-PhD-1556076564638598\/\" target=\"_blank\" rel=\"noopener\"><span class='icon shortcode  inverted-colors' style='font-size:44px !important;color:#0090e7;background:#e7f6ff;'>&#58156;<\/span> <\/a><a href=\"https:\/\/www.instagram.com\/alexandros__mainas\/\" target=\"_blank\" rel=\"noopener\"><span class='icon shortcode  inverted-colors' style='font-size:44px !important;color:#0090e7;background:#e7f6ff;'>&#58158;<\/span> <\/a><a href=\"https:\/\/www.youtube.com\/channel\/UCpJ8KLZlEOc6LZ1H4zldh_Q\" target=\"_blank\" rel=\"noopener\"><span class='icon shortcode  inverted-colors' style='font-size:44px !important;color:#0090e7;background:#e7f6ff;'>&#58165;<\/span><\/a><\/p>\n<p>&nbsp;<\/p>\n<p>&nbsp;<\/div>\n\t\t\t\t\t<\/div>\n<\/div>\n<\/div><\/div><\/div>\n<div class=\"wpv-grid grid-2-5  wpv-first-level unextended\" style=\"padding-top:0px;padding-bottom:0px\" id=\"wpv-column-6a16711f16bb746242f100b8a27a7486\" ><p><div role=\"form\" class=\"wpcf7\" id=\"wpcf7-f9118-o1\" lang=\"el\" dir=\"ltr\">\n<div class=\"screen-reader-response\"><p role=\"status\" aria-live=\"polite\" aria-atomic=\"true\"><\/p> <ul><\/ul><\/div>\n<form action=\"\/tr\/wp-json\/wp\/v2\/pages\/9073#wpcf7-f9118-o1\" method=\"post\" class=\"wpcf7-form init\" novalidate=\"novalidate\" data-status=\"init\">\n<div style=\"display: none;\">\n<input type=\"hidden\" name=\"_wpcf7\" value=\"9118\" \/>\n<input type=\"hidden\" name=\"_wpcf7_version\" value=\"5.5.6\" \/>\n<input type=\"hidden\" name=\"_wpcf7_locale\" value=\"el\" \/>\n<input type=\"hidden\" name=\"_wpcf7_unit_tag\" value=\"wpcf7-f9118-o1\" \/>\n<input type=\"hidden\" name=\"_wpcf7_container_post\" value=\"0\" \/>\n<input type=\"hidden\" name=\"_wpcf7_posted_data_hash\" value=\"\" \/>\n<\/div>\n<p><label for=\"contact-contact-page-your-name\"> Ad\u0131n\u0131z (gerekli)<\/label><br \/>\n    <span class=\"wpcf7-form-control-wrap your-name\"><input type=\"text\" name=\"your-name\" value=\"\" size=\"40\" class=\"wpcf7-form-control wpcf7-text wpcf7-validates-as-required\" id=\"contact-contact-page-your-name\" aria-required=\"true\" aria-invalid=\"false\" \/><\/span><\/p>\n<p><label for=\"contact-contact-page-your-email\"> Your Email (gerekli)<\/label><br \/>\n    <span class=\"wpcf7-form-control-wrap your-email\"><input type=\"email\" name=\"your-email\" value=\"\" size=\"40\" class=\"wpcf7-form-control wpcf7-text wpcf7-email wpcf7-validates-as-required wpcf7-validates-as-email\" id=\"contact-contact-page-your-email\" aria-required=\"true\" aria-invalid=\"false\" \/><\/span><\/p>\n<p><label for=\"contact-contact-page-your-subject\"> Tema<\/label><br \/>\n    <span class=\"wpcf7-form-control-wrap your-subject\"><input type=\"text\" name=\"your-subject\" value=\"\" size=\"40\" class=\"wpcf7-form-control wpcf7-text\" id=\"contact-contact-page-your-subject\" aria-invalid=\"false\" \/><\/span><\/p>\n<p><label for=\"contact-contact-page-your-message\"> Mesaj\u0131n<\/label><br \/>\n    <span class=\"wpcf7-form-control-wrap your-message\"><textarea name=\"your-message\" cols=\"40\" rows=\"10\" class=\"wpcf7-form-control wpcf7-textarea\" id=\"contact-contact-page-your-message\" aria-invalid=\"false\"><\/textarea><\/span><\/p>\n<p><input type=\"submit\" value=\"Misyon\" class=\"wpcf7-form-control has-spinner wpcf7-submit\" \/><\/p>\n<div class=\"wpcf7-response-output\" aria-hidden=\"true\"><\/div><\/form><\/div><\/div><\/div>\n<div class=\"push\" style='height:40px'><\/div>\n","protected":false},"excerpt":{"rendered":"<p>Alexandros Mainas MD, PhD Kad\u0131n Hastal\u0131klar\u0131 ve Do\u011fum Uzman\u0131 \u2013 Jinekolog Klinikte \u00e7ok \u00e7e\u015fitli kad\u0131n hastal\u0131klar\u0131 tedavi edilmektedir. En basitinden en karma\u015f\u0131\u011f\u0131na ve ergenlik \u00f6ncesinden menopoza kadar. Hastalara en son teknoloji te\u015fhis y\u00f6ntemlerini ve en az invaziv teknikleri sunuyoruz. Y\u00fcksek kaliteli hizmetler sunmak i\u00e7in, t\u00fcm sa\u011fl\u0131k sistemi ile \u00e7al\u0131\u015f\u0131yoruz. \u00c7ocuk sahibi olmak isteyen ya da&#8230;<\/p>\n","protected":false},"author":5,"featured_media":0,"parent":0,"menu_order":3,"comment_status":"closed","ping_status":"closed","template":"","meta":[],"_links":{"self":[{"href":"https:\/\/gynaikologos-komotini-old.xo-websites4.gr\/tr\/wp-json\/wp\/v2\/pages\/9073"}],"collection":[{"href":"https:\/\/gynaikologos-komotini-old.xo-websites4.gr\/tr\/wp-json\/wp\/v2\/pages"}],"about":[{"href":"https:\/\/gynaikologos-komotini-old.xo-websites4.gr\/tr\/wp-json\/wp\/v2\/types\/page"}],"author":[{"embeddable":true,"href":"https:\/\/gynaikologos-komotini-old.xo-websites4.gr\/tr\/wp-json\/wp\/v2\/users\/5"}],"replies":[{"embeddable":true,"href":"https:\/\/gynaikologos-komotini-old.xo-websites4.gr\/tr\/wp-json\/wp\/v2\/comments?post=9073"}],"version-history":[{"count":0,"href":"https:\/\/gynaikologos-komotini-old.xo-websites4.gr\/tr\/wp-json\/wp\/v2\/pages\/9073\/revisions"}],"wp:attachment":[{"href":"https:\/\/gynaikologos-komotini-old.xo-websites4.gr\/tr\/wp-json\/wp\/v2\/media?parent=9073"}],"curies":[{"name":"wp","href":"https:\/\/api.w.org\/{rel}","templated":true}]}}